{"id":8072,"date":"2025-12-23T11:29:55","date_gmt":"2025-12-23T11:29:55","guid":{"rendered":"https:\/\/orthodoxblessings.com\/?post_type=product&#038;p=8072"},"modified":"2026-01-10T09:52:35","modified_gmt":"2026-01-10T09:52:35","slug":"bozic-rozdestvo-gospoda-nasega-isusa-hrista-brosura","status":"publish","type":"product","link":"https:\/\/orthodoxblessings.com\/sr\/shop\/bozic-rozdestvo-gospoda-nasega-isusa-hrista-brosura\/","title":{"rendered":"Bo\u017ei\u0107 \u2013 Ro\u017edestvo Gospoda na\u0161ega Isusa Hrista (bro\u0161ura)"},"content":{"rendered":"<p>Prazni\u010dna bro\u0161ura posve\u0107ena prazniku Bo\u017ei\u0107a, sa molitvama, bogoslu\u017ebenim pesmama i tuma\u010denjima bo\u017ei\u0107nih bogoslu\u017eenja i obi\u010daja, pogodna za porodi\u010dnu upotrebu \u0438 parohijsku katehezu.<\/p>\n","protected":false},"excerpt":{"rendered":"<p>Prazni\u010dna bro\u0161ura posve\u0107ena prazniku Bo\u017ei\u0107a, sa molitvama, bogoslu\u017ebenim pesmama i tuma\u010denjima bo\u017ei\u0107nih bogoslu\u017eenja i obi\u010daja, pogodna za porodi\u010dnu upotrebu \u0438 parohijsku katehezu.<\/p>\n","protected":false},"featured_media":8418,"template":"","meta":{"give_campaign_id":0},"product_brand":[],"product_cat":[317],"product_tag":[],"class_list":{"0":"post-8072","1":"product","2":"type-product","3":"status-publish","4":"has-post-thumbnail","6":"product_cat-decije-knjige","8":"first","9":"instock","10":"purchasable","11":"product-type-simple"},"_links":{"self":[{"href":"https:\/\/orthodoxblessings.com\/sr\/wp-json\/wp\/v2\/product\/8072","targetHints":{"allow":["GET"]}}],"collection":[{"href":"https:\/\/orthodoxblessings.com\/sr\/wp-json\/wp\/v2\/product"}],"about":[{"href":"https:\/\/orthodoxblessings.com\/sr\/wp-json\/wp\/v2\/types\/product"}],"wp:featuredmedia":[{"embeddable":true,"href":"https:\/\/orthodoxblessings.com\/sr\/wp-json\/wp\/v2\/media\/8418"}],"wp:attachment":[{"href":"https:\/\/orthodoxblessings.com\/sr\/wp-json\/wp\/v2\/media?parent=8072"}],"wp:term":[{"taxonomy":"product_brand","embeddable":true,"href":"https:\/\/orthodoxblessings.com\/sr\/wp-json\/wp\/v2\/product_brand?post=8072"},{"taxonomy":"product_cat","embeddable":true,"href":"https:\/\/orthodoxblessings.com\/sr\/wp-json\/wp\/v2\/product_cat?post=8072"},{"taxonomy":"product_tag","embeddable":true,"href":"https:\/\/orthodoxblessings.com\/sr\/wp-json\/wp\/v2\/product_tag?post=8072"}],"curies":[{"name":"wp","href":"https:\/\/api.w.org\/{rel}","templated":true}]}}