{"id":8063,"date":"2025-12-23T11:04:32","date_gmt":"2025-12-23T11:04:32","guid":{"rendered":"https:\/\/orthodoxblessings.com\/?post_type=product&#038;p=8063"},"modified":"2026-01-10T09:37:57","modified_gmt":"2026-01-10T09:37:57","slug":"sveto-pismo-064-cti","status":"publish","type":"product","link":"https:\/\/orthodoxblessings.com\/sr\/shop\/sveto-pismo-064-cti\/","title":{"rendered":"Sveto Pismo 064 CTI"},"content":{"rendered":"<p>Manje tvrdo ukori\u010deno izdanje Svetog pisma na srpskom jeziku, sa izdr\u017eljivom crnom koricom, ukrasno utisnutim krstom i zlatnim natpisom \u201e\u0421\u0432\u0435\u0442\u043e \u043f\u0438\u0441\u043c\u043e\u201c, pogodno za svakodnevno \u010ditanje, putovanja ili no\u0161enje na bogoslu\u017eenja.<\/p>\n","protected":false},"excerpt":{"rendered":"<p>Manje tvrdo ukori\u010deno izdanje Svetog pisma na srpskom jeziku, sa izdr\u017eljivom crnom koricom, ukrasno utisnutim krstom i zlatnim natpisom \u201e\u0421\u0432\u0435\u0442\u043e \u043f\u0438\u0441\u043c\u043e\u201c, pogodno za svakodnevno \u010ditanje, putovanja ili no\u0161enje na bogoslu\u017eenja.<\/p>\n","protected":false},"featured_media":8411,"template":"","meta":{"give_campaign_id":0},"product_brand":[],"product_cat":[307],"product_tag":[],"class_list":{"0":"post-8063","1":"product","2":"type-product","3":"status-publish","4":"has-post-thumbnail","6":"product_cat-duhovna-literatura","8":"first","9":"instock","10":"sale","11":"purchasable","12":"product-type-simple"},"_links":{"self":[{"href":"https:\/\/orthodoxblessings.com\/sr\/wp-json\/wp\/v2\/product\/8063","targetHints":{"allow":["GET"]}}],"collection":[{"href":"https:\/\/orthodoxblessings.com\/sr\/wp-json\/wp\/v2\/product"}],"about":[{"href":"https:\/\/orthodoxblessings.com\/sr\/wp-json\/wp\/v2\/types\/product"}],"wp:featuredmedia":[{"embeddable":true,"href":"https:\/\/orthodoxblessings.com\/sr\/wp-json\/wp\/v2\/media\/8411"}],"wp:attachment":[{"href":"https:\/\/orthodoxblessings.com\/sr\/wp-json\/wp\/v2\/media?parent=8063"}],"wp:term":[{"taxonomy":"product_brand","embeddable":true,"href":"https:\/\/orthodoxblessings.com\/sr\/wp-json\/wp\/v2\/product_brand?post=8063"},{"taxonomy":"product_cat","embeddable":true,"href":"https:\/\/orthodoxblessings.com\/sr\/wp-json\/wp\/v2\/product_cat?post=8063"},{"taxonomy":"product_tag","embeddable":true,"href":"https:\/\/orthodoxblessings.com\/sr\/wp-json\/wp\/v2\/product_tag?post=8063"}],"curies":[{"name":"wp","href":"https:\/\/api.w.org\/{rel}","templated":true}]}}