{"id":8060,"date":"2025-12-23T11:00:08","date_gmt":"2025-12-23T11:00:08","guid":{"rendered":"https:\/\/orthodoxblessings.com\/?post_type=product&#038;p=8060"},"modified":"2026-01-10T09:30:48","modified_gmt":"2026-01-10T09:30:48","slug":"sveto-pismo-043-hs","status":"publish","type":"product","link":"https:\/\/orthodoxblessings.com\/sr\/shop\/sveto-pismo-043-hs\/","title":{"rendered":"Sveto Pismo 043 HS"},"content":{"rendered":"<p>Tvrdo ukori\u010deno izdanje Svetog pisma na srpskom jeziku (Stari i Novi zavet), namenjeno svakodnevnom \u010ditanju, li\u010dnoj molitvi i upotrebi u porodi\u010dnom domu ili parohiji, \u0161tampano jasnim \u0107irili\u010dnim pismom sa liturgijskim rasporedom knjiga, naslovima poglavlja i grani\u010dnim uputnicama koje olak\u0161avaju pra\u0107enje crkvenih \u010ditanja i dublje prou\u010davanje teksta.<\/p>\n","protected":false},"excerpt":{"rendered":"<p>Tvrdo ukori\u010deno izdanje Svetog pisma na srpskom jeziku (Stari i Novi zavet), namenjeno svakodnevnom \u010ditanju, li\u010dnoj molitvi i upotrebi u porodi\u010dnom domu ili parohiji, \u0161tampano jasnim \u0107irili\u010dnim pismom sa liturgijskim rasporedom knjiga, naslovima poglavlja i grani\u010dnim uputnicama koje olak\u0161avaju pra\u0107enje crkvenih \u010ditanja i dublje prou\u010davanje teksta.<\/p>\n","protected":false},"featured_media":8408,"template":"","meta":{"give_campaign_id":0},"product_brand":[],"product_cat":[307],"product_tag":[],"class_list":{"0":"post-8060","1":"product","2":"type-product","3":"status-publish","4":"has-post-thumbnail","6":"product_cat-duhovna-literatura","8":"first","9":"instock","10":"purchasable","11":"product-type-simple"},"_links":{"self":[{"href":"https:\/\/orthodoxblessings.com\/sr\/wp-json\/wp\/v2\/product\/8060","targetHints":{"allow":["GET"]}}],"collection":[{"href":"https:\/\/orthodoxblessings.com\/sr\/wp-json\/wp\/v2\/product"}],"about":[{"href":"https:\/\/orthodoxblessings.com\/sr\/wp-json\/wp\/v2\/types\/product"}],"wp:featuredmedia":[{"embeddable":true,"href":"https:\/\/orthodoxblessings.com\/sr\/wp-json\/wp\/v2\/media\/8408"}],"wp:attachment":[{"href":"https:\/\/orthodoxblessings.com\/sr\/wp-json\/wp\/v2\/media?parent=8060"}],"wp:term":[{"taxonomy":"product_brand","embeddable":true,"href":"https:\/\/orthodoxblessings.com\/sr\/wp-json\/wp\/v2\/product_brand?post=8060"},{"taxonomy":"product_cat","embeddable":true,"href":"https:\/\/orthodoxblessings.com\/sr\/wp-json\/wp\/v2\/product_cat?post=8060"},{"taxonomy":"product_tag","embeddable":true,"href":"https:\/\/orthodoxblessings.com\/sr\/wp-json\/wp\/v2\/product_tag?post=8060"}],"curies":[{"name":"wp","href":"https:\/\/api.w.org\/{rel}","templated":true}]}}