{"id":8030,"date":"2025-12-18T09:54:23","date_gmt":"2025-12-18T09:54:23","guid":{"rendered":"https:\/\/orthodoxblessings.com\/?post_type=product&#038;p=8030"},"modified":"2025-12-18T09:58:20","modified_gmt":"2025-12-18T09:58:20","slug":"ikona-kazanske-bogorodice-u-dekorativnom-ramu","status":"publish","type":"product","link":"https:\/\/orthodoxblessings.com\/sr\/shop\/ikona-kazanske-bogorodice-u-dekorativnom-ramu\/","title":{"rendered":"Ikona Kazanske Bogorodice u dekorativnom ramu"},"content":{"rendered":"<p>Rasko\u0161no ukra\u0161ena pravoslavna ikona Kazanske Bogorodice sa Hristom Detetom, u talasastom tamnom drvenom ramu sa pozla\u0107enim cvetnim ukrasima, pogodna za ku\u0107ni molitveni kutak ili kao poseban poklon.<\/p>\n","protected":false},"excerpt":{"rendered":"<p>Rasko\u0161no ukra\u0161ena pravoslavna ikona Kazanske Bogorodice sa Hristom Detetom, u talasastom tamnom drvenom ramu sa pozla\u0107enim cvetnim ukrasima, pogodna za ku\u0107ni molitveni kutak ili kao poseban poklon.<\/p>\n","protected":false},"featured_media":8033,"template":"","meta":{"give_campaign_id":0},"product_brand":[],"product_cat":[306],"product_tag":[],"class_list":{"0":"post-8030","1":"product","2":"type-product","3":"status-publish","4":"has-post-thumbnail","6":"product_cat-poklon-setovi","8":"first","9":"instock","10":"shipping-taxable","11":"purchasable","12":"product-type-simple"},"_links":{"self":[{"href":"https:\/\/orthodoxblessings.com\/sr\/wp-json\/wp\/v2\/product\/8030","targetHints":{"allow":["GET"]}}],"collection":[{"href":"https:\/\/orthodoxblessings.com\/sr\/wp-json\/wp\/v2\/product"}],"about":[{"href":"https:\/\/orthodoxblessings.com\/sr\/wp-json\/wp\/v2\/types\/product"}],"wp:featuredmedia":[{"embeddable":true,"href":"https:\/\/orthodoxblessings.com\/sr\/wp-json\/wp\/v2\/media\/8033"}],"wp:attachment":[{"href":"https:\/\/orthodoxblessings.com\/sr\/wp-json\/wp\/v2\/media?parent=8030"}],"wp:term":[{"taxonomy":"product_brand","embeddable":true,"href":"https:\/\/orthodoxblessings.com\/sr\/wp-json\/wp\/v2\/product_brand?post=8030"},{"taxonomy":"product_cat","embeddable":true,"href":"https:\/\/orthodoxblessings.com\/sr\/wp-json\/wp\/v2\/product_cat?post=8030"},{"taxonomy":"product_tag","embeddable":true,"href":"https:\/\/orthodoxblessings.com\/sr\/wp-json\/wp\/v2\/product_tag?post=8030"}],"curies":[{"name":"wp","href":"https:\/\/api.w.org\/{rel}","templated":true}]}}