{"id":8018,"date":"2025-12-18T09:22:23","date_gmt":"2025-12-18T09:22:23","guid":{"rendered":"https:\/\/orthodoxblessings.com\/?post_type=product&#038;p=8018"},"modified":"2025-12-18T09:28:03","modified_gmt":"2025-12-18T09:28:03","slug":"ikona-svetog-vasilija-ostroskog-u-ramu","status":"publish","type":"product","link":"https:\/\/orthodoxblessings.com\/sr\/shop\/ikona-svetog-vasilija-ostroskog-u-ramu\/","title":{"rendered":"Ikona Svetog Vasilija Ostro\u0161kog u ramu"},"content":{"rendered":"<p>Uramljena pravoslavna ikona koja prikazuje Svetog Vasilija Ostro\u0161kog ispred manastira Ostrog, bogato ukra\u0161ena srebrnastim reljefnim ramom, pogodna za ku\u0107ni molitveni kutak ili kao zna\u010dajan poklon.<\/p>\n","protected":false},"excerpt":{"rendered":"<p>Uramljena pravoslavna ikona koja prikazuje Svetog Vasilija Ostro\u0161kog ispred manastira Ostrog, bogato ukra\u0161ena srebrnastim reljefnim ramom, pogodna za ku\u0107ni molitveni kutak ili kao zna\u010dajan poklon.<\/p>\n","protected":false},"featured_media":8021,"template":"","meta":{"give_campaign_id":0},"product_brand":[],"product_cat":[306],"product_tag":[],"class_list":{"0":"post-8018","1":"product","2":"type-product","3":"status-publish","4":"has-post-thumbnail","6":"product_cat-poklon-setovi","8":"first","9":"instock","10":"shipping-taxable","11":"purchasable","12":"product-type-simple"},"_links":{"self":[{"href":"https:\/\/orthodoxblessings.com\/sr\/wp-json\/wp\/v2\/product\/8018","targetHints":{"allow":["GET"]}}],"collection":[{"href":"https:\/\/orthodoxblessings.com\/sr\/wp-json\/wp\/v2\/product"}],"about":[{"href":"https:\/\/orthodoxblessings.com\/sr\/wp-json\/wp\/v2\/types\/product"}],"wp:featuredmedia":[{"embeddable":true,"href":"https:\/\/orthodoxblessings.com\/sr\/wp-json\/wp\/v2\/media\/8021"}],"wp:attachment":[{"href":"https:\/\/orthodoxblessings.com\/sr\/wp-json\/wp\/v2\/media?parent=8018"}],"wp:term":[{"taxonomy":"product_brand","embeddable":true,"href":"https:\/\/orthodoxblessings.com\/sr\/wp-json\/wp\/v2\/product_brand?post=8018"},{"taxonomy":"product_cat","embeddable":true,"href":"https:\/\/orthodoxblessings.com\/sr\/wp-json\/wp\/v2\/product_cat?post=8018"},{"taxonomy":"product_tag","embeddable":true,"href":"https:\/\/orthodoxblessings.com\/sr\/wp-json\/wp\/v2\/product_tag?post=8018"}],"curies":[{"name":"wp","href":"https:\/\/api.w.org\/{rel}","templated":true}]}}