{"id":8012,"date":"2025-12-18T09:11:13","date_gmt":"2025-12-18T09:11:13","guid":{"rendered":"https:\/\/orthodoxblessings.com\/?post_type=product&#038;p=8012"},"modified":"2025-12-18T09:16:56","modified_gmt":"2025-12-18T09:16:56","slug":"ikona-presvete-bogorodice-umeksanje-zlih-srdaca-u-ramu","status":"publish","type":"product","link":"https:\/\/orthodoxblessings.com\/sr\/shop\/ikona-presvete-bogorodice-umeksanje-zlih-srdaca-u-ramu\/","title":{"rendered":"Ikona Presvete Bogorodice \u201eUmek\u0161anje zlih srdaca&#8220; u ramu"},"content":{"rendered":"<p>Uramljena pravoslavna ikona Presvete Bogorodice \u201eUmek\u0161anje zlih srdaca&#8220;, bogato ukra\u0161ena srebrnastim reljefnim ramom i malim prikazima svetitelja, pogodna za ku\u0107ni molitveni kutak ili kao poseban poklon.<\/p>\n","protected":false},"excerpt":{"rendered":"<p>Uramljena pravoslavna ikona Presvete Bogorodice \u201eUmek\u0161anje zlih srdaca&#8220;, bogato ukra\u0161ena srebrnastim reljefnim ramom i malim prikazima svetitelja, pogodna za ku\u0107ni molitveni kutak ili kao poseban poklon.<\/p>\n","protected":false},"featured_media":8015,"template":"","meta":{"give_campaign_id":0},"product_brand":[],"product_cat":[306],"product_tag":[],"class_list":{"0":"post-8012","1":"product","2":"type-product","3":"status-publish","4":"has-post-thumbnail","6":"product_cat-poklon-setovi","8":"first","9":"outofstock","10":"shipping-taxable","11":"purchasable","12":"product-type-simple"},"_links":{"self":[{"href":"https:\/\/orthodoxblessings.com\/sr\/wp-json\/wp\/v2\/product\/8012","targetHints":{"allow":["GET"]}}],"collection":[{"href":"https:\/\/orthodoxblessings.com\/sr\/wp-json\/wp\/v2\/product"}],"about":[{"href":"https:\/\/orthodoxblessings.com\/sr\/wp-json\/wp\/v2\/types\/product"}],"wp:featuredmedia":[{"embeddable":true,"href":"https:\/\/orthodoxblessings.com\/sr\/wp-json\/wp\/v2\/media\/8015"}],"wp:attachment":[{"href":"https:\/\/orthodoxblessings.com\/sr\/wp-json\/wp\/v2\/media?parent=8012"}],"wp:term":[{"taxonomy":"product_brand","embeddable":true,"href":"https:\/\/orthodoxblessings.com\/sr\/wp-json\/wp\/v2\/product_brand?post=8012"},{"taxonomy":"product_cat","embeddable":true,"href":"https:\/\/orthodoxblessings.com\/sr\/wp-json\/wp\/v2\/product_cat?post=8012"},{"taxonomy":"product_tag","embeddable":true,"href":"https:\/\/orthodoxblessings.com\/sr\/wp-json\/wp\/v2\/product_tag?post=8012"}],"curies":[{"name":"wp","href":"https:\/\/api.w.org\/{rel}","templated":true}]}}