{"id":7785,"date":"2025-12-16T11:37:03","date_gmt":"2025-12-16T11:37:03","guid":{"rendered":"https:\/\/orthodoxblessings.com\/?post_type=product&#038;p=7785"},"modified":"2025-12-16T11:41:16","modified_gmt":"2025-12-16T11:41:16","slug":"mali-pravoslavni-krstic-privesak-u-zlatnoj-boji","status":"publish","type":"product","link":"https:\/\/orthodoxblessings.com\/sr\/shop\/mali-pravoslavni-krstic-privesak-u-zlatnoj-boji\/","title":{"rendered":"Mali pravoslavni krsti\u0107 privesak u zlatnoj boji"},"content":{"rendered":"<p>Ne\u017ean privesak u obliku tradicionalnog pravoslavnog krsta u zlatnoj boji sa finim gravurama, pogodan za no\u0161enje na tankom lancu ili narukvici.<\/p>\n","protected":false},"excerpt":{"rendered":"<p>Ne\u017ean privesak u obliku tradicionalnog pravoslavnog krsta u zlatnoj boji sa finim gravurama, pogodan za no\u0161enje na tankom lancu ili narukvici.<\/p>\n","protected":false},"featured_media":7788,"template":"","meta":{"give_campaign_id":0},"product_brand":[],"product_cat":[476],"product_tag":[],"class_list":{"0":"post-7785","1":"product","2":"type-product","3":"status-publish","4":"has-post-thumbnail","6":"product_cat-krstovi-sr","8":"first","9":"instock","10":"shipping-taxable","11":"purchasable","12":"product-type-simple"},"_links":{"self":[{"href":"https:\/\/orthodoxblessings.com\/sr\/wp-json\/wp\/v2\/product\/7785","targetHints":{"allow":["GET"]}}],"collection":[{"href":"https:\/\/orthodoxblessings.com\/sr\/wp-json\/wp\/v2\/product"}],"about":[{"href":"https:\/\/orthodoxblessings.com\/sr\/wp-json\/wp\/v2\/types\/product"}],"wp:featuredmedia":[{"embeddable":true,"href":"https:\/\/orthodoxblessings.com\/sr\/wp-json\/wp\/v2\/media\/7788"}],"wp:attachment":[{"href":"https:\/\/orthodoxblessings.com\/sr\/wp-json\/wp\/v2\/media?parent=7785"}],"wp:term":[{"taxonomy":"product_brand","embeddable":true,"href":"https:\/\/orthodoxblessings.com\/sr\/wp-json\/wp\/v2\/product_brand?post=7785"},{"taxonomy":"product_cat","embeddable":true,"href":"https:\/\/orthodoxblessings.com\/sr\/wp-json\/wp\/v2\/product_cat?post=7785"},{"taxonomy":"product_tag","embeddable":true,"href":"https:\/\/orthodoxblessings.com\/sr\/wp-json\/wp\/v2\/product_tag?post=7785"}],"curies":[{"name":"wp","href":"https:\/\/api.w.org\/{rel}","templated":true}]}}