{"id":7712,"date":"2025-12-15T13:58:49","date_gmt":"2025-12-15T13:58:49","guid":{"rendered":"https:\/\/orthodoxblessings.com\/?post_type=product&#038;p=7712"},"modified":"2025-12-15T14:02:45","modified_gmt":"2025-12-15T14:02:45","slug":"zidni-krst-raspece-isusa-hrista","status":"publish","type":"product","link":"https:\/\/orthodoxblessings.com\/sr\/shop\/zidni-krst-raspece-isusa-hrista\/","title":{"rendered":"Zidni krst Raspe\u0107e Isusa Hrista"},"content":{"rendered":"<p>Ovaj zidni krst sa gravurom Isusa Hrista je predmet od dubokog zna\u010denja koji simbolizuje spasenje i Hristovu \u017ertvu. Pa\u017eljivo izra\u0111en sa pa\u017enjom posvec\u0301enom detaljima, slu\u017ei kao centralni deo u svakom domu ili mestu bogoslu\u017eenja. Ikona Isusa Hrista u sredi\u0161tu krsta ima duboko duhovno zna\u010denje, podsec\u0301ajuc\u0301i vernike na Njegovu \u017ertvu za spasenje \u010dove\u010danstva.<\/p>\n","protected":false},"excerpt":{"rendered":"<p>Ovaj zidni krst sa gravurom Isusa Hrista je predmet od dubokog zna\u010denja koji simbolizuje spasenje i Hristovu \u017ertvu. Pa\u017eljivo izra\u0111en sa pa\u017enjom posvec\u0301enom detaljima, slu\u017ei kao centralni deo u svakom domu ili mestu bogoslu\u017eenja. Ikona Isusa Hrista u sredi\u0161tu krsta ima duboko duhovno zna\u010denje, podsec\u0301ajuc\u0301i vernike na Njegovu \u017ertvu za spasenje \u010dove\u010danstva.<\/p>\n","protected":false},"featured_media":7716,"template":"","meta":{"give_campaign_id":0},"product_brand":[],"product_cat":[342],"product_tag":[],"class_list":{"0":"post-7712","1":"product","2":"type-product","3":"status-publish","4":"has-post-thumbnail","6":"product_cat-zidni-krst","8":"first","9":"instock","10":"shipping-taxable","11":"purchasable","12":"product-type-simple"},"_links":{"self":[{"href":"https:\/\/orthodoxblessings.com\/sr\/wp-json\/wp\/v2\/product\/7712","targetHints":{"allow":["GET"]}}],"collection":[{"href":"https:\/\/orthodoxblessings.com\/sr\/wp-json\/wp\/v2\/product"}],"about":[{"href":"https:\/\/orthodoxblessings.com\/sr\/wp-json\/wp\/v2\/types\/product"}],"wp:featuredmedia":[{"embeddable":true,"href":"https:\/\/orthodoxblessings.com\/sr\/wp-json\/wp\/v2\/media\/7716"}],"wp:attachment":[{"href":"https:\/\/orthodoxblessings.com\/sr\/wp-json\/wp\/v2\/media?parent=7712"}],"wp:term":[{"taxonomy":"product_brand","embeddable":true,"href":"https:\/\/orthodoxblessings.com\/sr\/wp-json\/wp\/v2\/product_brand?post=7712"},{"taxonomy":"product_cat","embeddable":true,"href":"https:\/\/orthodoxblessings.com\/sr\/wp-json\/wp\/v2\/product_cat?post=7712"},{"taxonomy":"product_tag","embeddable":true,"href":"https:\/\/orthodoxblessings.com\/sr\/wp-json\/wp\/v2\/product_tag?post=7712"}],"curies":[{"name":"wp","href":"https:\/\/api.w.org\/{rel}","templated":true}]}}