{"id":7662,"date":"2025-12-15T09:54:27","date_gmt":"2025-12-15T09:54:27","guid":{"rendered":"https:\/\/orthodoxblessings.com\/?post_type=product&#038;p=7662"},"modified":"2025-12-15T10:09:32","modified_gmt":"2025-12-15T10:09:32","slug":"narukvica-sa-facetiranim-perlama-i-zlatnim-krsticem-crna-i-crvena","status":"publish","type":"product","link":"https:\/\/orthodoxblessings.com\/sr\/shop\/narukvica-sa-facetiranim-perlama-i-zlatnim-krsticem-crna-i-crvena\/","title":{"rendered":"Narukvica sa facetiranim perlama i zlatnim krsti\u0107em \u2013 crna i crvena"},"content":{"rendered":"<p>Podesiva narukvica od kanapa u crnoj ili crvenoj boji, ukra\u0161ena kockastim facetiranim perlama, zlatnim razdvaja\u010dima i malim centralnim krsti\u0107em.<\/p>\n","protected":false},"excerpt":{"rendered":"<p>Podesiva narukvica od kanapa u crnoj ili crvenoj boji, ukra\u0161ena kockastim facetiranim perlama, zlatnim razdvaja\u010dima i malim centralnim krsti\u0107em.<\/p>\n","protected":false},"featured_media":7676,"template":"","meta":{"give_campaign_id":0},"product_brand":[],"product_cat":[310],"product_tag":[],"class_list":{"0":"post-7662","1":"product","2":"type-product","3":"status-publish","4":"has-post-thumbnail","6":"product_cat-elegantne-brojanice","8":"first","9":"instock","10":"purchasable","11":"product-type-variable","12":"has-default-attributes","13":"rtwpvg-product"},"_links":{"self":[{"href":"https:\/\/orthodoxblessings.com\/sr\/wp-json\/wp\/v2\/product\/7662","targetHints":{"allow":["GET"]}}],"collection":[{"href":"https:\/\/orthodoxblessings.com\/sr\/wp-json\/wp\/v2\/product"}],"about":[{"href":"https:\/\/orthodoxblessings.com\/sr\/wp-json\/wp\/v2\/types\/product"}],"wp:featuredmedia":[{"embeddable":true,"href":"https:\/\/orthodoxblessings.com\/sr\/wp-json\/wp\/v2\/media\/7676"}],"wp:attachment":[{"href":"https:\/\/orthodoxblessings.com\/sr\/wp-json\/wp\/v2\/media?parent=7662"}],"wp:term":[{"taxonomy":"product_brand","embeddable":true,"href":"https:\/\/orthodoxblessings.com\/sr\/wp-json\/wp\/v2\/product_brand?post=7662"},{"taxonomy":"product_cat","embeddable":true,"href":"https:\/\/orthodoxblessings.com\/sr\/wp-json\/wp\/v2\/product_cat?post=7662"},{"taxonomy":"product_tag","embeddable":true,"href":"https:\/\/orthodoxblessings.com\/sr\/wp-json\/wp\/v2\/product_tag?post=7662"}],"curies":[{"name":"wp","href":"https:\/\/api.w.org\/{rel}","templated":true}]}}