{"id":7655,"date":"2025-12-15T09:42:21","date_gmt":"2025-12-15T09:42:21","guid":{"rendered":"https:\/\/orthodoxblessings.com\/?post_type=product&#038;p=7655"},"modified":"2025-12-15T09:47:44","modified_gmt":"2025-12-15T09:47:44","slug":"narukvica-sa-crvenim-i-providnim-perlama-medaljonom-i-krsticem","status":"publish","type":"product","link":"https:\/\/orthodoxblessings.com\/sr\/shop\/narukvica-sa-crvenim-i-providnim-perlama-medaljonom-i-krsticem\/","title":{"rendered":"Narukvica sa crvenim i providnim perlama, medaljonom i krsti\u0107em"},"content":{"rendered":"<p>Elasti\u010dna narukvica koja kombinuje krakl providne i crvene perle, zlatne razdvaja\u010de, mali bo\u010dni krsti\u0107 i centralni okrugli medaljon.<\/p>\n","protected":false},"excerpt":{"rendered":"<p>Elasti\u010dna narukvica koja kombinuje krakl providne i crvene perle, zlatne razdvaja\u010de, mali bo\u010dni krsti\u0107 i centralni okrugli medaljon.<\/p>\n","protected":false},"featured_media":7658,"template":"","meta":{"give_campaign_id":0},"product_brand":[],"product_cat":[310],"product_tag":[],"class_list":{"0":"post-7655","1":"product","2":"type-product","3":"status-publish","4":"has-post-thumbnail","6":"product_cat-elegantne-brojanice","8":"first","9":"instock","10":"purchasable","11":"product-type-simple"},"_links":{"self":[{"href":"https:\/\/orthodoxblessings.com\/sr\/wp-json\/wp\/v2\/product\/7655","targetHints":{"allow":["GET"]}}],"collection":[{"href":"https:\/\/orthodoxblessings.com\/sr\/wp-json\/wp\/v2\/product"}],"about":[{"href":"https:\/\/orthodoxblessings.com\/sr\/wp-json\/wp\/v2\/types\/product"}],"wp:featuredmedia":[{"embeddable":true,"href":"https:\/\/orthodoxblessings.com\/sr\/wp-json\/wp\/v2\/media\/7658"}],"wp:attachment":[{"href":"https:\/\/orthodoxblessings.com\/sr\/wp-json\/wp\/v2\/media?parent=7655"}],"wp:term":[{"taxonomy":"product_brand","embeddable":true,"href":"https:\/\/orthodoxblessings.com\/sr\/wp-json\/wp\/v2\/product_brand?post=7655"},{"taxonomy":"product_cat","embeddable":true,"href":"https:\/\/orthodoxblessings.com\/sr\/wp-json\/wp\/v2\/product_cat?post=7655"},{"taxonomy":"product_tag","embeddable":true,"href":"https:\/\/orthodoxblessings.com\/sr\/wp-json\/wp\/v2\/product_tag?post=7655"}],"curies":[{"name":"wp","href":"https:\/\/api.w.org\/{rel}","templated":true}]}}