{"id":7650,"date":"2025-12-13T16:43:30","date_gmt":"2025-12-13T16:43:30","guid":{"rendered":"https:\/\/orthodoxblessings.com\/?post_type=product&#038;p=7650"},"modified":"2025-12-13T16:47:33","modified_gmt":"2025-12-13T16:47:33","slug":"crvena-elasticna-narukvica-sa-zlatnim-perlama-i-krsticem","status":"publish","type":"product","link":"https:\/\/orthodoxblessings.com\/sr\/shop\/crvena-elasticna-narukvica-sa-zlatnim-perlama-i-krsticem\/","title":{"rendered":"Crvena elasti\u010dna narukvica sa zlatnim perlama i krsti\u0107em"},"content":{"rendered":"<p>Elasti\u010dna narukvica od sjajnih crvenih perli sa zlatnim razdvaja\u010dima i malim krsti\u0107em ukra\u0161enim kristalima.<\/p>\n","protected":false},"excerpt":{"rendered":"<p>Elasti\u010dna narukvica od sjajnih crvenih perli sa zlatnim razdvaja\u010dima i malim krsti\u0107em ukra\u0161enim kristalima.<\/p>\n","protected":false},"featured_media":7652,"template":"","meta":{"give_campaign_id":0},"product_brand":[],"product_cat":[310],"product_tag":[],"class_list":{"0":"post-7650","1":"product","2":"type-product","3":"status-publish","4":"has-post-thumbnail","6":"product_cat-elegantne-brojanice","8":"first","9":"instock","10":"purchasable","11":"product-type-simple"},"_links":{"self":[{"href":"https:\/\/orthodoxblessings.com\/sr\/wp-json\/wp\/v2\/product\/7650","targetHints":{"allow":["GET"]}}],"collection":[{"href":"https:\/\/orthodoxblessings.com\/sr\/wp-json\/wp\/v2\/product"}],"about":[{"href":"https:\/\/orthodoxblessings.com\/sr\/wp-json\/wp\/v2\/types\/product"}],"wp:featuredmedia":[{"embeddable":true,"href":"https:\/\/orthodoxblessings.com\/sr\/wp-json\/wp\/v2\/media\/7652"}],"wp:attachment":[{"href":"https:\/\/orthodoxblessings.com\/sr\/wp-json\/wp\/v2\/media?parent=7650"}],"wp:term":[{"taxonomy":"product_brand","embeddable":true,"href":"https:\/\/orthodoxblessings.com\/sr\/wp-json\/wp\/v2\/product_brand?post=7650"},{"taxonomy":"product_cat","embeddable":true,"href":"https:\/\/orthodoxblessings.com\/sr\/wp-json\/wp\/v2\/product_cat?post=7650"},{"taxonomy":"product_tag","embeddable":true,"href":"https:\/\/orthodoxblessings.com\/sr\/wp-json\/wp\/v2\/product_tag?post=7650"}],"curies":[{"name":"wp","href":"https:\/\/api.w.org\/{rel}","templated":true}]}}