{"id":7637,"date":"2025-12-13T16:22:50","date_gmt":"2025-12-13T16:22:50","guid":{"rendered":"https:\/\/orthodoxblessings.com\/?post_type=product&#038;p=7637"},"modified":"2025-12-13T16:29:41","modified_gmt":"2025-12-13T16:29:41","slug":"crna-makrame-narukvica-sa-tirkiznim-perlama-i-krsticem","status":"publish","type":"product","link":"https:\/\/orthodoxblessings.com\/sr\/shop\/crna-makrame-narukvica-sa-tirkiznim-perlama-i-krsticem\/","title":{"rendered":"Crna makrame narukvica sa tirkiznim perlama i krsti\u0107em"},"content":{"rendered":"<p>Podesiva makrame narukvica od crnog kanapa ukra\u0161ena krem i tirkiznim perlama, srebrnim razdvaja\u010dima i malim krsti\u0107em u sredini.<\/p>\n","protected":false},"excerpt":{"rendered":"<p>Podesiva makrame narukvica od crnog kanapa ukra\u0161ena krem i tirkiznim perlama, srebrnim razdvaja\u010dima i malim krsti\u0107em u sredini.<\/p>\n","protected":false},"featured_media":7646,"template":"","meta":{"give_campaign_id":0},"product_brand":[],"product_cat":[310],"product_tag":[],"class_list":{"0":"post-7637","1":"product","2":"type-product","3":"status-publish","4":"has-post-thumbnail","6":"product_cat-elegantne-brojanice","8":"first","9":"instock","10":"purchasable","11":"product-type-simple"},"_links":{"self":[{"href":"https:\/\/orthodoxblessings.com\/sr\/wp-json\/wp\/v2\/product\/7637","targetHints":{"allow":["GET"]}}],"collection":[{"href":"https:\/\/orthodoxblessings.com\/sr\/wp-json\/wp\/v2\/product"}],"about":[{"href":"https:\/\/orthodoxblessings.com\/sr\/wp-json\/wp\/v2\/types\/product"}],"wp:featuredmedia":[{"embeddable":true,"href":"https:\/\/orthodoxblessings.com\/sr\/wp-json\/wp\/v2\/media\/7646"}],"wp:attachment":[{"href":"https:\/\/orthodoxblessings.com\/sr\/wp-json\/wp\/v2\/media?parent=7637"}],"wp:term":[{"taxonomy":"product_brand","embeddable":true,"href":"https:\/\/orthodoxblessings.com\/sr\/wp-json\/wp\/v2\/product_brand?post=7637"},{"taxonomy":"product_cat","embeddable":true,"href":"https:\/\/orthodoxblessings.com\/sr\/wp-json\/wp\/v2\/product_cat?post=7637"},{"taxonomy":"product_tag","embeddable":true,"href":"https:\/\/orthodoxblessings.com\/sr\/wp-json\/wp\/v2\/product_tag?post=7637"}],"curies":[{"name":"wp","href":"https:\/\/api.w.org\/{rel}","templated":true}]}}