{"id":7574,"date":"2025-12-13T15:45:00","date_gmt":"2025-12-13T15:45:00","guid":{"rendered":"https:\/\/orthodoxblessings.com\/?post_type=product&#038;p=7574"},"modified":"2025-12-13T16:12:45","modified_gmt":"2025-12-13T16:12:45","slug":"crvena-elasticna-narukvica-sa-krsticem","status":"publish","type":"product","link":"https:\/\/orthodoxblessings.com\/sr\/shop\/crvena-elasticna-narukvica-sa-krsticem\/","title":{"rendered":"Crvena elasti\u010dna narukvica sa krsti\u0107em"},"content":{"rendered":"<p>Elasti\u010dna narukvica od sitnih crvenih perli sa srebrnim razdvaja\u010dima i centralnim priveskom u obliku krsti\u0107a<\/p>\n","protected":false},"excerpt":{"rendered":"<p>Elasti\u010dna narukvica od sitnih crvenih perli sa srebrnim razdvaja\u010dima i centralnim priveskom u obliku krsti\u0107a<\/p>\n","protected":false},"featured_media":7601,"template":"","meta":{"give_campaign_id":0},"product_brand":[],"product_cat":[310],"product_tag":[],"class_list":{"0":"post-7574","1":"product","2":"type-product","3":"status-publish","4":"has-post-thumbnail","6":"product_cat-elegantne-brojanice","8":"first","9":"instock","10":"purchasable","11":"product-type-variable","12":"rtwpvg-product"},"_links":{"self":[{"href":"https:\/\/orthodoxblessings.com\/sr\/wp-json\/wp\/v2\/product\/7574","targetHints":{"allow":["GET"]}}],"collection":[{"href":"https:\/\/orthodoxblessings.com\/sr\/wp-json\/wp\/v2\/product"}],"about":[{"href":"https:\/\/orthodoxblessings.com\/sr\/wp-json\/wp\/v2\/types\/product"}],"wp:featuredmedia":[{"embeddable":true,"href":"https:\/\/orthodoxblessings.com\/sr\/wp-json\/wp\/v2\/media\/7601"}],"wp:attachment":[{"href":"https:\/\/orthodoxblessings.com\/sr\/wp-json\/wp\/v2\/media?parent=7574"}],"wp:term":[{"taxonomy":"product_brand","embeddable":true,"href":"https:\/\/orthodoxblessings.com\/sr\/wp-json\/wp\/v2\/product_brand?post=7574"},{"taxonomy":"product_cat","embeddable":true,"href":"https:\/\/orthodoxblessings.com\/sr\/wp-json\/wp\/v2\/product_cat?post=7574"},{"taxonomy":"product_tag","embeddable":true,"href":"https:\/\/orthodoxblessings.com\/sr\/wp-json\/wp\/v2\/product_tag?post=7574"}],"curies":[{"name":"wp","href":"https:\/\/api.w.org\/{rel}","templated":true}]}}