{"id":7564,"date":"2025-12-13T11:41:19","date_gmt":"2025-12-13T11:41:19","guid":{"rendered":"https:\/\/orthodoxblessings.com\/?post_type=product&#038;p=7564"},"modified":"2025-12-13T11:46:31","modified_gmt":"2025-12-13T11:46:31","slug":"crvena-narukvica-sa-bisernim-perlama-i-krsticem","status":"publish","type":"product","link":"https:\/\/orthodoxblessings.com\/sr\/shop\/crvena-narukvica-sa-bisernim-perlama-i-krsticem\/","title":{"rendered":"Crvena narukvica sa bisernim perlama i krsti\u0107em"},"content":{"rendered":"<p>Podesiva narukvica od kanapa ukra\u0161ena facetiranim crvenim perlama, sitnim belim bisernim perlama, srebrnim razdvojnicima i centralnim krsti\u0107em sa kristalima.<\/p>\n","protected":false},"excerpt":{"rendered":"<p>Podesiva narukvica od kanapa ukra\u0161ena facetiranim crvenim perlama, sitnim belim bisernim perlama, srebrnim razdvojnicima i centralnim krsti\u0107em sa kristalima.<\/p>\n","protected":false},"featured_media":7571,"template":"","meta":{"give_campaign_id":0},"product_brand":[],"product_cat":[310],"product_tag":[],"class_list":{"0":"post-7564","1":"product","2":"type-product","3":"status-publish","4":"has-post-thumbnail","6":"product_cat-elegantne-brojanice","8":"first","9":"instock","10":"purchasable","11":"product-type-simple"},"_links":{"self":[{"href":"https:\/\/orthodoxblessings.com\/sr\/wp-json\/wp\/v2\/product\/7564","targetHints":{"allow":["GET"]}}],"collection":[{"href":"https:\/\/orthodoxblessings.com\/sr\/wp-json\/wp\/v2\/product"}],"about":[{"href":"https:\/\/orthodoxblessings.com\/sr\/wp-json\/wp\/v2\/types\/product"}],"wp:featuredmedia":[{"embeddable":true,"href":"https:\/\/orthodoxblessings.com\/sr\/wp-json\/wp\/v2\/media\/7571"}],"wp:attachment":[{"href":"https:\/\/orthodoxblessings.com\/sr\/wp-json\/wp\/v2\/media?parent=7564"}],"wp:term":[{"taxonomy":"product_brand","embeddable":true,"href":"https:\/\/orthodoxblessings.com\/sr\/wp-json\/wp\/v2\/product_brand?post=7564"},{"taxonomy":"product_cat","embeddable":true,"href":"https:\/\/orthodoxblessings.com\/sr\/wp-json\/wp\/v2\/product_cat?post=7564"},{"taxonomy":"product_tag","embeddable":true,"href":"https:\/\/orthodoxblessings.com\/sr\/wp-json\/wp\/v2\/product_tag?post=7564"}],"curies":[{"name":"wp","href":"https:\/\/api.w.org\/{rel}","templated":true}]}}