{"id":7458,"date":"2025-12-13T10:00:31","date_gmt":"2025-12-13T10:00:31","guid":{"rendered":"https:\/\/orthodoxblessings.com\/?post_type=product&#038;p=7458"},"modified":"2025-12-13T10:28:45","modified_gmt":"2025-12-13T10:28:45","slug":"rastegljiva-brojanica-sa-metalnim-krsticem-copy","status":"publish","type":"product","link":"https:\/\/orthodoxblessings.com\/sr\/shop\/rastegljiva-brojanica-sa-metalnim-krsticem-copy\/","title":{"rendered":"De\u010dja brojanica narukvica"},"content":{"rendered":"<p>Ru\u010dno pletena brojanica\u2011narukvica za decu, izra\u0111ena od izdr\u017eljivog konca sa malim krsti\u0107em i perlicama u crvenoj, crnoj, be\u017e, zelenoj, \u017eutoj ili plavoj boji.<\/p>\n","protected":false},"excerpt":{"rendered":"<p>Ru\u010dno pletena brojanica\u2011narukvica za decu, izra\u0111ena od izdr\u017eljivog konca sa malim krsti\u0107em i perlicama u crvenoj, crnoj, be\u017e, zelenoj, \u017eutoj ili plavoj boji.<\/p>\n","protected":false},"featured_media":7493,"template":"","meta":{"give_campaign_id":0},"product_brand":[],"product_cat":[311],"product_tag":[],"class_list":{"0":"post-7458","1":"product","2":"type-product","3":"status-publish","4":"has-post-thumbnail","6":"product_cat-crkvene-brojanice","8":"first","9":"instock","10":"purchasable","11":"product-type-variable","12":"rtwpvg-product"},"_links":{"self":[{"href":"https:\/\/orthodoxblessings.com\/sr\/wp-json\/wp\/v2\/product\/7458","targetHints":{"allow":["GET"]}}],"collection":[{"href":"https:\/\/orthodoxblessings.com\/sr\/wp-json\/wp\/v2\/product"}],"about":[{"href":"https:\/\/orthodoxblessings.com\/sr\/wp-json\/wp\/v2\/types\/product"}],"wp:featuredmedia":[{"embeddable":true,"href":"https:\/\/orthodoxblessings.com\/sr\/wp-json\/wp\/v2\/media\/7493"}],"wp:attachment":[{"href":"https:\/\/orthodoxblessings.com\/sr\/wp-json\/wp\/v2\/media?parent=7458"}],"wp:term":[{"taxonomy":"product_brand","embeddable":true,"href":"https:\/\/orthodoxblessings.com\/sr\/wp-json\/wp\/v2\/product_brand?post=7458"},{"taxonomy":"product_cat","embeddable":true,"href":"https:\/\/orthodoxblessings.com\/sr\/wp-json\/wp\/v2\/product_cat?post=7458"},{"taxonomy":"product_tag","embeddable":true,"href":"https:\/\/orthodoxblessings.com\/sr\/wp-json\/wp\/v2\/product_tag?post=7458"}],"curies":[{"name":"wp","href":"https:\/\/api.w.org\/{rel}","templated":true}]}}