{"id":7442,"date":"2025-12-13T09:43:35","date_gmt":"2025-12-13T09:43:35","guid":{"rendered":"https:\/\/orthodoxblessings.com\/?post_type=product&#038;p=7442"},"modified":"2025-12-13T09:49:07","modified_gmt":"2025-12-13T09:49:07","slug":"drveni-krstic-raspece-hristovo","status":"publish","type":"product","link":"https:\/\/orthodoxblessings.com\/sr\/shop\/drveni-krstic-raspece-hristovo\/","title":{"rendered":"Drveni krsti\u0107 raspe\u0107e Hristovo"},"content":{"rendered":"<p>Privesak od svetlog drveta sa urezanim likom raspe\u0107a Hrista i otvorom za kanap, namenjen za no\u0161enje oko vrata kao izraz vere.<\/p>\n","protected":false},"excerpt":{"rendered":"<p>Privesak od svetlog drveta sa urezanim likom raspe\u0107a Hrista i otvorom za kanap, namenjen za no\u0161enje oko vrata kao izraz vere.<\/p>\n","protected":false},"featured_media":7445,"template":"","meta":{"give_campaign_id":0},"product_brand":[],"product_cat":[476],"product_tag":[],"class_list":{"0":"post-7442","1":"product","2":"type-product","3":"status-publish","4":"has-post-thumbnail","6":"product_cat-krstovi-sr","8":"first","9":"instock","10":"shipping-taxable","11":"purchasable","12":"product-type-simple"},"_links":{"self":[{"href":"https:\/\/orthodoxblessings.com\/sr\/wp-json\/wp\/v2\/product\/7442","targetHints":{"allow":["GET"]}}],"collection":[{"href":"https:\/\/orthodoxblessings.com\/sr\/wp-json\/wp\/v2\/product"}],"about":[{"href":"https:\/\/orthodoxblessings.com\/sr\/wp-json\/wp\/v2\/types\/product"}],"wp:featuredmedia":[{"embeddable":true,"href":"https:\/\/orthodoxblessings.com\/sr\/wp-json\/wp\/v2\/media\/7445"}],"wp:attachment":[{"href":"https:\/\/orthodoxblessings.com\/sr\/wp-json\/wp\/v2\/media?parent=7442"}],"wp:term":[{"taxonomy":"product_brand","embeddable":true,"href":"https:\/\/orthodoxblessings.com\/sr\/wp-json\/wp\/v2\/product_brand?post=7442"},{"taxonomy":"product_cat","embeddable":true,"href":"https:\/\/orthodoxblessings.com\/sr\/wp-json\/wp\/v2\/product_cat?post=7442"},{"taxonomy":"product_tag","embeddable":true,"href":"https:\/\/orthodoxblessings.com\/sr\/wp-json\/wp\/v2\/product_tag?post=7442"}],"curies":[{"name":"wp","href":"https:\/\/api.w.org\/{rel}","templated":true}]}}