{"id":7358,"date":"2025-12-11T16:30:35","date_gmt":"2025-12-11T16:30:35","guid":{"rendered":"https:\/\/orthodoxblessings.com\/?post_type=product&#038;p=7358"},"modified":"2025-12-11T16:39:44","modified_gmt":"2025-12-11T16:39:44","slug":"tirkizna-narukvica-sa-likom-device-marije","status":"publish","type":"product","link":"https:\/\/orthodoxblessings.com\/sr\/shop\/tirkizna-narukvica-sa-likom-device-marije\/","title":{"rendered":"Tirkizna narukvica sa likom Device Marije"},"content":{"rendered":"<p>Elasti\u010dna tirkizna narukvica sa perlicama, zlatnim priveskom Device Marije i ru\u017ei\u010dastom resom, savr\u0161ena kao ne\u017ean religiozni detalj.<\/p>\n","protected":false},"excerpt":{"rendered":"<p>Elasti\u010dna tirkizna narukvica sa perlicama, zlatnim priveskom Device Marije i ru\u017ei\u010dastom resom, savr\u0161ena kao ne\u017ean religiozni detalj.<\/p>\n","protected":false},"featured_media":7373,"template":"","meta":{"give_campaign_id":0},"product_brand":[],"product_cat":[310],"product_tag":[],"class_list":{"0":"post-7358","1":"product","2":"type-product","3":"status-publish","4":"has-post-thumbnail","6":"product_cat-elegantne-brojanice","8":"first","9":"instock","10":"shipping-taxable","11":"purchasable","12":"product-type-simple"},"_links":{"self":[{"href":"https:\/\/orthodoxblessings.com\/sr\/wp-json\/wp\/v2\/product\/7358","targetHints":{"allow":["GET"]}}],"collection":[{"href":"https:\/\/orthodoxblessings.com\/sr\/wp-json\/wp\/v2\/product"}],"about":[{"href":"https:\/\/orthodoxblessings.com\/sr\/wp-json\/wp\/v2\/types\/product"}],"wp:featuredmedia":[{"embeddable":true,"href":"https:\/\/orthodoxblessings.com\/sr\/wp-json\/wp\/v2\/media\/7373"}],"wp:attachment":[{"href":"https:\/\/orthodoxblessings.com\/sr\/wp-json\/wp\/v2\/media?parent=7358"}],"wp:term":[{"taxonomy":"product_brand","embeddable":true,"href":"https:\/\/orthodoxblessings.com\/sr\/wp-json\/wp\/v2\/product_brand?post=7358"},{"taxonomy":"product_cat","embeddable":true,"href":"https:\/\/orthodoxblessings.com\/sr\/wp-json\/wp\/v2\/product_cat?post=7358"},{"taxonomy":"product_tag","embeddable":true,"href":"https:\/\/orthodoxblessings.com\/sr\/wp-json\/wp\/v2\/product_tag?post=7358"}],"curies":[{"name":"wp","href":"https:\/\/api.w.org\/{rel}","templated":true}]}}