{"id":7337,"date":"2025-12-11T16:13:30","date_gmt":"2025-12-11T16:13:30","guid":{"rendered":"https:\/\/orthodoxblessings.com\/?post_type=product&#038;p=7337"},"modified":"2025-12-11T16:25:29","modified_gmt":"2025-12-11T16:25:29","slug":"velika-drvena-molitvena-ogrlica-sa-krstom-u-plasticnoj-kutiji","status":"publish","type":"product","link":"https:\/\/orthodoxblessings.com\/sr\/shop\/velika-drvena-molitvena-ogrlica-sa-krstom-u-plasticnoj-kutiji\/","title":{"rendered":"Velika drvena molitvena ogrlica sa krstom \u2013 u plasti\u010dnoj kutiji"},"content":{"rendered":"<p>Brojanica od prirodnog drveta, ukra\u0161ena rezbarenim krsti\u0107em.<\/p>\n","protected":false},"excerpt":{"rendered":"<p>Brojanica od prirodnog drveta, ukra\u0161ena rezbarenim krsti\u0107em.<\/p>\n","protected":false},"featured_media":7346,"template":"","meta":{"give_campaign_id":0},"product_brand":[],"product_cat":[318],"product_tag":[],"class_list":{"0":"post-7337","1":"product","2":"type-product","3":"status-publish","4":"has-post-thumbnail","6":"product_cat-drvene-brojanice","8":"first","9":"instock","10":"purchasable","11":"product-type-variable","12":"rtwpvg-product"},"_links":{"self":[{"href":"https:\/\/orthodoxblessings.com\/sr\/wp-json\/wp\/v2\/product\/7337","targetHints":{"allow":["GET"]}}],"collection":[{"href":"https:\/\/orthodoxblessings.com\/sr\/wp-json\/wp\/v2\/product"}],"about":[{"href":"https:\/\/orthodoxblessings.com\/sr\/wp-json\/wp\/v2\/types\/product"}],"wp:featuredmedia":[{"embeddable":true,"href":"https:\/\/orthodoxblessings.com\/sr\/wp-json\/wp\/v2\/media\/7346"}],"wp:attachment":[{"href":"https:\/\/orthodoxblessings.com\/sr\/wp-json\/wp\/v2\/media?parent=7337"}],"wp:term":[{"taxonomy":"product_brand","embeddable":true,"href":"https:\/\/orthodoxblessings.com\/sr\/wp-json\/wp\/v2\/product_brand?post=7337"},{"taxonomy":"product_cat","embeddable":true,"href":"https:\/\/orthodoxblessings.com\/sr\/wp-json\/wp\/v2\/product_cat?post=7337"},{"taxonomy":"product_tag","embeddable":true,"href":"https:\/\/orthodoxblessings.com\/sr\/wp-json\/wp\/v2\/product_tag?post=7337"}],"curies":[{"name":"wp","href":"https:\/\/api.w.org\/{rel}","templated":true}]}}