{"id":7320,"date":"2025-12-11T15:38:56","date_gmt":"2025-12-11T15:38:56","guid":{"rendered":"https:\/\/orthodoxblessings.com\/?post_type=product&#038;p=7320"},"modified":"2025-12-11T15:53:25","modified_gmt":"2025-12-11T15:53:25","slug":"muska-narukvica-sa-hriscanskim-simbolima","status":"publish","type":"product","link":"https:\/\/orthodoxblessings.com\/sr\/shop\/muska-narukvica-sa-hriscanskim-simbolima\/","title":{"rendered":"Mu\u0161ka narukvica sa hri\u0161\u0107anskim simbolima"},"content":{"rendered":"<p>Elegantna metalna narukvica sa krstom i graviranim religijskim simbolima, idealna za svakodnevno no\u0161enje ili kao poklon vernicima.<\/p>\n","protected":false},"excerpt":{"rendered":"<p>Elegantna metalna narukvica sa krstom i graviranim religijskim simbolima, idealna za svakodnevno no\u0161enje ili kao poklon vernicima.<\/p>\n","protected":false},"featured_media":7327,"template":"","meta":{"give_campaign_id":0},"product_brand":[],"product_cat":[310],"product_tag":[],"class_list":{"0":"post-7320","1":"product","2":"type-product","3":"status-publish","4":"has-post-thumbnail","6":"product_cat-elegantne-brojanice","8":"first","9":"instock","10":"shipping-taxable","11":"purchasable","12":"product-type-simple"},"_links":{"self":[{"href":"https:\/\/orthodoxblessings.com\/sr\/wp-json\/wp\/v2\/product\/7320","targetHints":{"allow":["GET"]}}],"collection":[{"href":"https:\/\/orthodoxblessings.com\/sr\/wp-json\/wp\/v2\/product"}],"about":[{"href":"https:\/\/orthodoxblessings.com\/sr\/wp-json\/wp\/v2\/types\/product"}],"wp:featuredmedia":[{"embeddable":true,"href":"https:\/\/orthodoxblessings.com\/sr\/wp-json\/wp\/v2\/media\/7327"}],"wp:attachment":[{"href":"https:\/\/orthodoxblessings.com\/sr\/wp-json\/wp\/v2\/media?parent=7320"}],"wp:term":[{"taxonomy":"product_brand","embeddable":true,"href":"https:\/\/orthodoxblessings.com\/sr\/wp-json\/wp\/v2\/product_brand?post=7320"},{"taxonomy":"product_cat","embeddable":true,"href":"https:\/\/orthodoxblessings.com\/sr\/wp-json\/wp\/v2\/product_cat?post=7320"},{"taxonomy":"product_tag","embeddable":true,"href":"https:\/\/orthodoxblessings.com\/sr\/wp-json\/wp\/v2\/product_tag?post=7320"}],"curies":[{"name":"wp","href":"https:\/\/api.w.org\/{rel}","templated":true}]}}