{"id":7297,"date":"2025-12-11T14:55:20","date_gmt":"2025-12-11T14:55:20","guid":{"rendered":"https:\/\/orthodoxblessings.com\/?post_type=product&#038;p=7297"},"modified":"2025-12-11T15:11:07","modified_gmt":"2025-12-11T15:11:07","slug":"kozna-narukvica-sa-krstom","status":"publish","type":"product","link":"https:\/\/orthodoxblessings.com\/sr\/shop\/kozna-narukvica-sa-krstom\/","title":{"rendered":"Ko\u017ena narukvica sa krstom"},"content":{"rendered":"<p>Narukvica od crne ko\u017ee sa detaljima od ner\u0111aju\u0107eg \u010delika, osmi\u0161ljena kao podsetnik na unutra\u0161nju snagu i veru u Boga.<\/p>\n","protected":false},"excerpt":{"rendered":"<p>Narukvica od crne ko\u017ee sa detaljima od ner\u0111aju\u0107eg \u010delika, osmi\u0161ljena kao podsetnik na unutra\u0161nju snagu i veru u Boga.<\/p>\n","protected":false},"featured_media":7315,"template":"","meta":{"give_campaign_id":0},"product_brand":[],"product_cat":[310],"product_tag":[],"class_list":{"0":"post-7297","1":"product","2":"type-product","3":"status-publish","4":"has-post-thumbnail","6":"product_cat-elegantne-brojanice","8":"first","9":"instock","10":"shipping-taxable","11":"purchasable","12":"product-type-variable","13":"rtwpvg-product"},"_links":{"self":[{"href":"https:\/\/orthodoxblessings.com\/sr\/wp-json\/wp\/v2\/product\/7297","targetHints":{"allow":["GET"]}}],"collection":[{"href":"https:\/\/orthodoxblessings.com\/sr\/wp-json\/wp\/v2\/product"}],"about":[{"href":"https:\/\/orthodoxblessings.com\/sr\/wp-json\/wp\/v2\/types\/product"}],"wp:featuredmedia":[{"embeddable":true,"href":"https:\/\/orthodoxblessings.com\/sr\/wp-json\/wp\/v2\/media\/7315"}],"wp:attachment":[{"href":"https:\/\/orthodoxblessings.com\/sr\/wp-json\/wp\/v2\/media?parent=7297"}],"wp:term":[{"taxonomy":"product_brand","embeddable":true,"href":"https:\/\/orthodoxblessings.com\/sr\/wp-json\/wp\/v2\/product_brand?post=7297"},{"taxonomy":"product_cat","embeddable":true,"href":"https:\/\/orthodoxblessings.com\/sr\/wp-json\/wp\/v2\/product_cat?post=7297"},{"taxonomy":"product_tag","embeddable":true,"href":"https:\/\/orthodoxblessings.com\/sr\/wp-json\/wp\/v2\/product_tag?post=7297"}],"curies":[{"name":"wp","href":"https:\/\/api.w.org\/{rel}","templated":true}]}}