{"id":7288,"date":"2025-12-11T14:39:04","date_gmt":"2025-12-11T14:39:04","guid":{"rendered":"https:\/\/orthodoxblessings.com\/?post_type=product&#038;p=7288"},"modified":"2025-12-11T14:49:07","modified_gmt":"2025-12-11T14:49:07","slug":"kozna-narukvica-sa-natpisom-%d1%81%d0%bf%d0%b0%d1%81%d0%b8-%d1%81%d0%be%d1%85%d1%80%d0%b0%d0%bd%d0%b8","status":"publish","type":"product","link":"https:\/\/orthodoxblessings.com\/sr\/shop\/kozna-narukvica-sa-natpisom-%d1%81%d0%bf%d0%b0%d1%81%d0%b8-%d1%81%d0%be%d1%85%d1%80%d0%b0%d0%bd%d0%b8\/","title":{"rendered":"Ko\u017ena narukvica sa natpisom \u0421\u043f\u0430\u0441\u0438 \u0421\u043e\u0445\u0440\u0430\u043d\u0438"},"content":{"rendered":"<p>Narukvica od pletene crne ko\u017ee sa detaljima od ner\u0111aju\u0107eg \u010delika, osmi\u0161ljena kao podsetnik na unutra\u0161nju snagu i veru u Boga.<\/p>\n","protected":false},"excerpt":{"rendered":"<p>Narukvica od pletene crne ko\u017ee sa detaljima od ner\u0111aju\u0107eg \u010delika, osmi\u0161ljena kao podsetnik na unutra\u0161nju snagu i veru u Boga.<\/p>\n","protected":false},"featured_media":7291,"template":"","meta":{"give_campaign_id":0},"product_brand":[],"product_cat":[310],"product_tag":[],"class_list":{"0":"post-7288","1":"product","2":"type-product","3":"status-publish","4":"has-post-thumbnail","6":"product_cat-elegantne-brojanice","8":"first","9":"instock","10":"shipping-taxable","11":"purchasable","12":"product-type-simple"},"_links":{"self":[{"href":"https:\/\/orthodoxblessings.com\/sr\/wp-json\/wp\/v2\/product\/7288","targetHints":{"allow":["GET"]}}],"collection":[{"href":"https:\/\/orthodoxblessings.com\/sr\/wp-json\/wp\/v2\/product"}],"about":[{"href":"https:\/\/orthodoxblessings.com\/sr\/wp-json\/wp\/v2\/types\/product"}],"wp:featuredmedia":[{"embeddable":true,"href":"https:\/\/orthodoxblessings.com\/sr\/wp-json\/wp\/v2\/media\/7291"}],"wp:attachment":[{"href":"https:\/\/orthodoxblessings.com\/sr\/wp-json\/wp\/v2\/media?parent=7288"}],"wp:term":[{"taxonomy":"product_brand","embeddable":true,"href":"https:\/\/orthodoxblessings.com\/sr\/wp-json\/wp\/v2\/product_brand?post=7288"},{"taxonomy":"product_cat","embeddable":true,"href":"https:\/\/orthodoxblessings.com\/sr\/wp-json\/wp\/v2\/product_cat?post=7288"},{"taxonomy":"product_tag","embeddable":true,"href":"https:\/\/orthodoxblessings.com\/sr\/wp-json\/wp\/v2\/product_tag?post=7288"}],"curies":[{"name":"wp","href":"https:\/\/api.w.org\/{rel}","templated":true}]}}