{"id":7272,"date":"2025-12-11T14:25:01","date_gmt":"2025-12-11T14:25:01","guid":{"rendered":"https:\/\/orthodoxblessings.com\/?post_type=product&#038;p=7272"},"modified":"2025-12-11T14:33:22","modified_gmt":"2025-12-11T14:33:22","slug":"kozna-narukvica-pletenica-sa-krstom","status":"publish","type":"product","link":"https:\/\/orthodoxblessings.com\/sr\/shop\/kozna-narukvica-pletenica-sa-krstom\/","title":{"rendered":"Ko\u017ena narukvica pletenica sa krstom"},"content":{"rendered":"<p>Narukvica od pletene crne ko\u017ee sa detaljima od ner\u0111aju\u0107eg \u010delika, osmi\u0161ljena kao podsetnik na unutra\u0161nju snagu i veru u Boga.<\/p>\n","protected":false},"excerpt":{"rendered":"<p>Narukvica od pletene crne ko\u017ee sa detaljima od ner\u0111aju\u0107eg \u010delika, osmi\u0161ljena kao podsetnik na unutra\u0161nju snagu i veru u Boga.<\/p>\n","protected":false},"featured_media":7282,"template":"","meta":{"give_campaign_id":0},"product_brand":[],"product_cat":[310],"product_tag":[],"class_list":{"0":"post-7272","1":"product","2":"type-product","3":"status-publish","4":"has-post-thumbnail","6":"product_cat-elegantne-brojanice","8":"first","9":"instock","10":"shipping-taxable","11":"purchasable","12":"product-type-simple"},"_links":{"self":[{"href":"https:\/\/orthodoxblessings.com\/sr\/wp-json\/wp\/v2\/product\/7272","targetHints":{"allow":["GET"]}}],"collection":[{"href":"https:\/\/orthodoxblessings.com\/sr\/wp-json\/wp\/v2\/product"}],"about":[{"href":"https:\/\/orthodoxblessings.com\/sr\/wp-json\/wp\/v2\/types\/product"}],"wp:featuredmedia":[{"embeddable":true,"href":"https:\/\/orthodoxblessings.com\/sr\/wp-json\/wp\/v2\/media\/7282"}],"wp:attachment":[{"href":"https:\/\/orthodoxblessings.com\/sr\/wp-json\/wp\/v2\/media?parent=7272"}],"wp:term":[{"taxonomy":"product_brand","embeddable":true,"href":"https:\/\/orthodoxblessings.com\/sr\/wp-json\/wp\/v2\/product_brand?post=7272"},{"taxonomy":"product_cat","embeddable":true,"href":"https:\/\/orthodoxblessings.com\/sr\/wp-json\/wp\/v2\/product_cat?post=7272"},{"taxonomy":"product_tag","embeddable":true,"href":"https:\/\/orthodoxblessings.com\/sr\/wp-json\/wp\/v2\/product_tag?post=7272"}],"curies":[{"name":"wp","href":"https:\/\/api.w.org\/{rel}","templated":true}]}}