{"id":7267,"date":"2025-12-11T14:17:00","date_gmt":"2025-12-11T14:17:00","guid":{"rendered":"https:\/\/orthodoxblessings.com\/?post_type=product&#038;p=7267"},"modified":"2025-12-11T14:20:41","modified_gmt":"2025-12-11T14:20:41","slug":"zlatni-krstic-za-ogrlicu-u-kutijici","status":"publish","type":"product","link":"https:\/\/orthodoxblessings.com\/sr\/shop\/zlatni-krstic-za-ogrlicu-u-kutijici\/","title":{"rendered":"Zlatni krsti\u0107 za ogrlicu u kutijici"},"content":{"rendered":"<p>Ne\u017ean privesak u obliku krsta u zlatnoj boji, ukra\u0161en bistrim kamen\u010di\u0107ima, namenjen kao tihi znak Hristove spasiteljske ljubavi no\u0161ene na grudima.<\/p>\n","protected":false},"excerpt":{"rendered":"<p>Ne\u017ean privesak u obliku krsta u zlatnoj boji, ukra\u0161en bistrim kamen\u010di\u0107ima, namenjen kao tihi znak Hristove spasiteljske ljubavi no\u0161ene na grudima.<\/p>\n","protected":false},"featured_media":7270,"template":"","meta":{"give_campaign_id":0},"product_brand":[],"product_cat":[476],"product_tag":[],"class_list":{"0":"post-7267","1":"product","2":"type-product","3":"status-publish","4":"has-post-thumbnail","6":"product_cat-krstovi-sr","8":"first","9":"instock","10":"shipping-taxable","11":"purchasable","12":"product-type-simple"},"_links":{"self":[{"href":"https:\/\/orthodoxblessings.com\/sr\/wp-json\/wp\/v2\/product\/7267","targetHints":{"allow":["GET"]}}],"collection":[{"href":"https:\/\/orthodoxblessings.com\/sr\/wp-json\/wp\/v2\/product"}],"about":[{"href":"https:\/\/orthodoxblessings.com\/sr\/wp-json\/wp\/v2\/types\/product"}],"wp:featuredmedia":[{"embeddable":true,"href":"https:\/\/orthodoxblessings.com\/sr\/wp-json\/wp\/v2\/media\/7270"}],"wp:attachment":[{"href":"https:\/\/orthodoxblessings.com\/sr\/wp-json\/wp\/v2\/media?parent=7267"}],"wp:term":[{"taxonomy":"product_brand","embeddable":true,"href":"https:\/\/orthodoxblessings.com\/sr\/wp-json\/wp\/v2\/product_brand?post=7267"},{"taxonomy":"product_cat","embeddable":true,"href":"https:\/\/orthodoxblessings.com\/sr\/wp-json\/wp\/v2\/product_cat?post=7267"},{"taxonomy":"product_tag","embeddable":true,"href":"https:\/\/orthodoxblessings.com\/sr\/wp-json\/wp\/v2\/product_tag?post=7267"}],"curies":[{"name":"wp","href":"https:\/\/api.w.org\/{rel}","templated":true}]}}