{"id":7257,"date":"2025-12-11T12:55:47","date_gmt":"2025-12-11T12:55:47","guid":{"rendered":"https:\/\/orthodoxblessings.com\/?post_type=product&#038;p=7257"},"modified":"2025-12-11T13:01:30","modified_gmt":"2025-12-11T13:01:30","slug":"mesingana-kadionica-bez-drske","status":"publish","type":"product","link":"https:\/\/orthodoxblessings.com\/sr\/shop\/mesingana-kadionica-bez-drske\/","title":{"rendered":"Mesingana kadionica bez dr\u0161ke"},"content":{"rendered":"<p>Kadionica i \u017ear u njoj simbolizuju na\u0161u \u017earku ljubav prema veri i toplotu na\u0161e hri\u0161\u0107anske du\u0161e. Miris tamjana simbolizuje blagodat Svetoga Duha. Kadionica se upotrebljava prilikom svake molitve.<\/p>\n","protected":false},"excerpt":{"rendered":"<p>Kadionica i \u017ear u njoj simbolizuju na\u0161u \u017earku ljubav prema veri i toplotu na\u0161e hri\u0161\u0107anske du\u0161e. Miris tamjana simbolizuje blagodat Svetoga Duha. Kadionica se upotrebljava prilikom svake molitve.<\/p>\n","protected":false},"featured_media":7261,"template":"","meta":{"give_campaign_id":0},"product_brand":[],"product_cat":[351],"product_tag":[],"class_list":{"0":"post-7257","1":"product","2":"type-product","3":"status-publish","4":"has-post-thumbnail","6":"product_cat-kadionice-crkve-svete-petke","8":"first","9":"instock","10":"purchasable","11":"product-type-simple"},"_links":{"self":[{"href":"https:\/\/orthodoxblessings.com\/sr\/wp-json\/wp\/v2\/product\/7257","targetHints":{"allow":["GET"]}}],"collection":[{"href":"https:\/\/orthodoxblessings.com\/sr\/wp-json\/wp\/v2\/product"}],"about":[{"href":"https:\/\/orthodoxblessings.com\/sr\/wp-json\/wp\/v2\/types\/product"}],"wp:featuredmedia":[{"embeddable":true,"href":"https:\/\/orthodoxblessings.com\/sr\/wp-json\/wp\/v2\/media\/7261"}],"wp:attachment":[{"href":"https:\/\/orthodoxblessings.com\/sr\/wp-json\/wp\/v2\/media?parent=7257"}],"wp:term":[{"taxonomy":"product_brand","embeddable":true,"href":"https:\/\/orthodoxblessings.com\/sr\/wp-json\/wp\/v2\/product_brand?post=7257"},{"taxonomy":"product_cat","embeddable":true,"href":"https:\/\/orthodoxblessings.com\/sr\/wp-json\/wp\/v2\/product_cat?post=7257"},{"taxonomy":"product_tag","embeddable":true,"href":"https:\/\/orthodoxblessings.com\/sr\/wp-json\/wp\/v2\/product_tag?post=7257"}],"curies":[{"name":"wp","href":"https:\/\/api.w.org\/{rel}","templated":true}]}}