{"id":7114,"date":"2025-12-10T15:04:04","date_gmt":"2025-12-10T15:04:04","guid":{"rendered":"https:\/\/orthodoxblessings.com\/?post_type=product&#038;p=7114"},"modified":"2025-12-10T15:09:45","modified_gmt":"2025-12-10T15:09:45","slug":"rastegljiva-brojanica-ogrlica-sa-metalnim-krsticem","status":"publish","type":"product","link":"https:\/\/orthodoxblessings.com\/sr\/shop\/rastegljiva-brojanica-ogrlica-sa-metalnim-krsticem\/","title":{"rendered":"Rastegljiva brojanica &#8211; ogrlica sa metalnim krsti\u0107em"},"content":{"rendered":"<p>\u010cvrsta i elegantna brojanica za vrat sa metalnim elementima koji simbolizuju veru i za\u0161titu.<\/p>\n","protected":false},"excerpt":{"rendered":"<p>\u010cvrsta i elegantna brojanica za vrat sa metalnim elementima koji simbolizuju veru i za\u0161titu.<\/p>\n","protected":false},"featured_media":7129,"template":"","meta":{"give_campaign_id":0},"product_brand":[],"product_cat":[311],"product_tag":[],"class_list":{"0":"post-7114","1":"product","2":"type-product","3":"status-publish","4":"has-post-thumbnail","6":"product_cat-crkvene-brojanice","8":"first","9":"instock","10":"purchasable","11":"product-type-simple"},"_links":{"self":[{"href":"https:\/\/orthodoxblessings.com\/sr\/wp-json\/wp\/v2\/product\/7114","targetHints":{"allow":["GET"]}}],"collection":[{"href":"https:\/\/orthodoxblessings.com\/sr\/wp-json\/wp\/v2\/product"}],"about":[{"href":"https:\/\/orthodoxblessings.com\/sr\/wp-json\/wp\/v2\/types\/product"}],"wp:featuredmedia":[{"embeddable":true,"href":"https:\/\/orthodoxblessings.com\/sr\/wp-json\/wp\/v2\/media\/7129"}],"wp:attachment":[{"href":"https:\/\/orthodoxblessings.com\/sr\/wp-json\/wp\/v2\/media?parent=7114"}],"wp:term":[{"taxonomy":"product_brand","embeddable":true,"href":"https:\/\/orthodoxblessings.com\/sr\/wp-json\/wp\/v2\/product_brand?post=7114"},{"taxonomy":"product_cat","embeddable":true,"href":"https:\/\/orthodoxblessings.com\/sr\/wp-json\/wp\/v2\/product_cat?post=7114"},{"taxonomy":"product_tag","embeddable":true,"href":"https:\/\/orthodoxblessings.com\/sr\/wp-json\/wp\/v2\/product_tag?post=7114"}],"curies":[{"name":"wp","href":"https:\/\/api.w.org\/{rel}","templated":true}]}}