{"id":7081,"date":"2025-12-10T13:25:45","date_gmt":"2025-12-10T13:25:45","guid":{"rendered":"https:\/\/orthodoxblessings.com\/?post_type=product&#038;p=7081"},"modified":"2025-12-10T14:43:28","modified_gmt":"2025-12-10T14:43:28","slug":"rastegljiva-brojanica-sa-metalnim-krsticem","status":"publish","type":"product","link":"https:\/\/orthodoxblessings.com\/sr\/shop\/rastegljiva-brojanica-sa-metalnim-krsticem\/","title":{"rendered":"Rastegljiva brojanica sa metalnim krsti\u0107em"},"content":{"rendered":"<p>\u010cvrsta i elegantna brojanica sa metalnim elementima koji simbolizuju veru i za\u0161titu.<\/p>\n","protected":false},"excerpt":{"rendered":"<p>\u010cvrsta i elegantna brojanica sa metalnim elementima koji simbolizuju veru i za\u0161titu.<\/p>\n","protected":false},"featured_media":7102,"template":"","meta":{"give_campaign_id":0},"product_brand":[],"product_cat":[311],"product_tag":[],"class_list":{"0":"post-7081","1":"product","2":"type-product","3":"status-publish","4":"has-post-thumbnail","6":"product_cat-crkvene-brojanice","8":"first","9":"instock","10":"purchasable","11":"product-type-variable","12":"rtwpvg-product"},"_links":{"self":[{"href":"https:\/\/orthodoxblessings.com\/sr\/wp-json\/wp\/v2\/product\/7081","targetHints":{"allow":["GET"]}}],"collection":[{"href":"https:\/\/orthodoxblessings.com\/sr\/wp-json\/wp\/v2\/product"}],"about":[{"href":"https:\/\/orthodoxblessings.com\/sr\/wp-json\/wp\/v2\/types\/product"}],"wp:featuredmedia":[{"embeddable":true,"href":"https:\/\/orthodoxblessings.com\/sr\/wp-json\/wp\/v2\/media\/7102"}],"wp:attachment":[{"href":"https:\/\/orthodoxblessings.com\/sr\/wp-json\/wp\/v2\/media?parent=7081"}],"wp:term":[{"taxonomy":"product_brand","embeddable":true,"href":"https:\/\/orthodoxblessings.com\/sr\/wp-json\/wp\/v2\/product_brand?post=7081"},{"taxonomy":"product_cat","embeddable":true,"href":"https:\/\/orthodoxblessings.com\/sr\/wp-json\/wp\/v2\/product_cat?post=7081"},{"taxonomy":"product_tag","embeddable":true,"href":"https:\/\/orthodoxblessings.com\/sr\/wp-json\/wp\/v2\/product_tag?post=7081"}],"curies":[{"name":"wp","href":"https:\/\/api.w.org\/{rel}","templated":true}]}}