{"id":7075,"date":"2025-12-10T11:14:38","date_gmt":"2025-12-10T11:14:38","guid":{"rendered":"https:\/\/orthodoxblessings.com\/?post_type=product&#038;p=7075"},"modified":"2025-12-10T11:22:44","modified_gmt":"2025-12-10T11:22:44","slug":"drveni-krstic-u-plasticnoj-kutijici","status":"publish","type":"product","link":"https:\/\/orthodoxblessings.com\/sr\/shop\/drveni-krstic-u-plasticnoj-kutijici\/","title":{"rendered":"Drveni krsti\u0107 u plasti\u010dnoj kutijici"},"content":{"rendered":"<p>Drveni pravoslavni krst predstavlja simbol vere, za\u0161tite i duhovnog mira. Izra\u0111en je od prirodnog drveta sa pa\u017eljivo urezanim prikazom raspe\u0107a, a dolazi upakovan u elegantnu providnu kutijicu sa zlatnom pozadinom, \u0161to ga \u010dini idealnim za \u010duvanje, poklanjanje ili no\u0161enje.<\/p>\n","protected":false},"excerpt":{"rendered":"<p>Drveni pravoslavni krst predstavlja simbol vere, za\u0161tite i duhovnog mira. Izra\u0111en je od prirodnog drveta sa pa\u017eljivo urezanim prikazom raspe\u0107a, a dolazi upakovan u elegantnu providnu kutijicu sa zlatnom pozadinom, \u0161to ga \u010dini idealnim za \u010duvanje, poklanjanje ili no\u0161enje.<\/p>\n","protected":false},"featured_media":7078,"template":"","meta":{"give_campaign_id":0},"product_brand":[],"product_cat":[343],"product_tag":[],"class_list":{"0":"post-7075","1":"product","2":"type-product","3":"status-publish","4":"has-post-thumbnail","6":"product_cat-krst-za-auto","8":"first","9":"instock","10":"shipping-taxable","11":"purchasable","12":"product-type-simple"},"_links":{"self":[{"href":"https:\/\/orthodoxblessings.com\/sr\/wp-json\/wp\/v2\/product\/7075","targetHints":{"allow":["GET"]}}],"collection":[{"href":"https:\/\/orthodoxblessings.com\/sr\/wp-json\/wp\/v2\/product"}],"about":[{"href":"https:\/\/orthodoxblessings.com\/sr\/wp-json\/wp\/v2\/types\/product"}],"wp:featuredmedia":[{"embeddable":true,"href":"https:\/\/orthodoxblessings.com\/sr\/wp-json\/wp\/v2\/media\/7078"}],"wp:attachment":[{"href":"https:\/\/orthodoxblessings.com\/sr\/wp-json\/wp\/v2\/media?parent=7075"}],"wp:term":[{"taxonomy":"product_brand","embeddable":true,"href":"https:\/\/orthodoxblessings.com\/sr\/wp-json\/wp\/v2\/product_brand?post=7075"},{"taxonomy":"product_cat","embeddable":true,"href":"https:\/\/orthodoxblessings.com\/sr\/wp-json\/wp\/v2\/product_cat?post=7075"},{"taxonomy":"product_tag","embeddable":true,"href":"https:\/\/orthodoxblessings.com\/sr\/wp-json\/wp\/v2\/product_tag?post=7075"}],"curies":[{"name":"wp","href":"https:\/\/api.w.org\/{rel}","templated":true}]}}