{"id":7060,"date":"2025-12-10T10:30:11","date_gmt":"2025-12-10T10:30:11","guid":{"rendered":"https:\/\/orthodoxblessings.com\/?post_type=product&#038;p=7060"},"modified":"2025-12-10T10:45:11","modified_gmt":"2025-12-10T10:45:11","slug":"drvena-brojanica-sa-kicankom-za-auto","status":"publish","type":"product","link":"https:\/\/orthodoxblessings.com\/sr\/shop\/drvena-brojanica-sa-kicankom-za-auto\/","title":{"rendered":"Drvena brojanica sa ki\u0107ankom za auto"},"content":{"rendered":"<p>Elegantno izra\u0111ena drvena brojanica napravljena od glatkih, kvalitetnih perli braon tona. Donji deo brojanice zavr\u0161ava finom crnom ki\u0107ankom koja doprinosi tradicionalnom, ali i modernom izgledu.<\/p>\n","protected":false},"excerpt":{"rendered":"<p>Elegantno izra\u0111ena drvena brojanica napravljena od glatkih, kvalitetnih perli braon tona. Donji deo brojanice zavr\u0161ava finom crnom ki\u0107ankom koja doprinosi tradicionalnom, ali i modernom izgledu.<\/p>\n","protected":false},"featured_media":7069,"template":"","meta":{"give_campaign_id":0},"product_brand":[],"product_cat":[343],"product_tag":[],"class_list":{"0":"post-7060","1":"product","2":"type-product","3":"status-publish","4":"has-post-thumbnail","6":"product_cat-krst-za-auto","8":"first","9":"instock","10":"shipping-taxable","11":"purchasable","12":"product-type-variable","13":"has-default-attributes","14":"rtwpvg-product"},"_links":{"self":[{"href":"https:\/\/orthodoxblessings.com\/sr\/wp-json\/wp\/v2\/product\/7060","targetHints":{"allow":["GET"]}}],"collection":[{"href":"https:\/\/orthodoxblessings.com\/sr\/wp-json\/wp\/v2\/product"}],"about":[{"href":"https:\/\/orthodoxblessings.com\/sr\/wp-json\/wp\/v2\/types\/product"}],"wp:featuredmedia":[{"embeddable":true,"href":"https:\/\/orthodoxblessings.com\/sr\/wp-json\/wp\/v2\/media\/7069"}],"wp:attachment":[{"href":"https:\/\/orthodoxblessings.com\/sr\/wp-json\/wp\/v2\/media?parent=7060"}],"wp:term":[{"taxonomy":"product_brand","embeddable":true,"href":"https:\/\/orthodoxblessings.com\/sr\/wp-json\/wp\/v2\/product_brand?post=7060"},{"taxonomy":"product_cat","embeddable":true,"href":"https:\/\/orthodoxblessings.com\/sr\/wp-json\/wp\/v2\/product_cat?post=7060"},{"taxonomy":"product_tag","embeddable":true,"href":"https:\/\/orthodoxblessings.com\/sr\/wp-json\/wp\/v2\/product_tag?post=7060"}],"curies":[{"name":"wp","href":"https:\/\/api.w.org\/{rel}","templated":true}]}}