{"id":7015,"date":"2025-12-10T09:41:00","date_gmt":"2025-12-10T09:41:00","guid":{"rendered":"https:\/\/orthodoxblessings.com\/?post_type=product&#038;p=7015"},"modified":"2025-12-10T10:07:17","modified_gmt":"2025-12-10T10:07:17","slug":"privezak-za-auto-krst-sa-kicankom","status":"publish","type":"product","link":"https:\/\/orthodoxblessings.com\/sr\/shop\/privezak-za-auto-krst-sa-kicankom\/","title":{"rendered":"Privezak za auto krst sa ki\u0107ankom"},"content":{"rendered":"<p>Ovaj privezak za automobil sa resama dodaje tradicionalni element duhovne za\u0161tite. Resa, kao simbol svetosti, \u010dini ovaj privezak posebno zna\u010dajnim za one koji tra\u017ee duhovnu sigurnost na putu.<\/p>\n","protected":false},"excerpt":{"rendered":"<p>Ovaj privezak za automobil sa resama dodaje tradicionalni element duhovne za\u0161tite. Resa, kao simbol svetosti, \u010dini ovaj privezak posebno zna\u010dajnim za one koji tra\u017ee duhovnu sigurnost na putu.<\/p>\n","protected":false},"featured_media":7036,"template":"","meta":{"give_campaign_id":0},"product_brand":[],"product_cat":[343],"product_tag":[],"class_list":{"0":"post-7015","1":"product","2":"type-product","3":"status-publish","4":"has-post-thumbnail","6":"product_cat-krst-za-auto","8":"first","9":"instock","10":"shipping-taxable","11":"purchasable","12":"product-type-variable","13":"rtwpvg-product"},"_links":{"self":[{"href":"https:\/\/orthodoxblessings.com\/sr\/wp-json\/wp\/v2\/product\/7015","targetHints":{"allow":["GET"]}}],"collection":[{"href":"https:\/\/orthodoxblessings.com\/sr\/wp-json\/wp\/v2\/product"}],"about":[{"href":"https:\/\/orthodoxblessings.com\/sr\/wp-json\/wp\/v2\/types\/product"}],"wp:featuredmedia":[{"embeddable":true,"href":"https:\/\/orthodoxblessings.com\/sr\/wp-json\/wp\/v2\/media\/7036"}],"wp:attachment":[{"href":"https:\/\/orthodoxblessings.com\/sr\/wp-json\/wp\/v2\/media?parent=7015"}],"wp:term":[{"taxonomy":"product_brand","embeddable":true,"href":"https:\/\/orthodoxblessings.com\/sr\/wp-json\/wp\/v2\/product_brand?post=7015"},{"taxonomy":"product_cat","embeddable":true,"href":"https:\/\/orthodoxblessings.com\/sr\/wp-json\/wp\/v2\/product_cat?post=7015"},{"taxonomy":"product_tag","embeddable":true,"href":"https:\/\/orthodoxblessings.com\/sr\/wp-json\/wp\/v2\/product_tag?post=7015"}],"curies":[{"name":"wp","href":"https:\/\/api.w.org\/{rel}","templated":true}]}}