{"id":7009,"date":"2025-12-10T09:23:45","date_gmt":"2025-12-10T09:23:45","guid":{"rendered":"https:\/\/orthodoxblessings.com\/?post_type=product&#038;p=7009"},"modified":"2025-12-10T09:30:03","modified_gmt":"2025-12-10T09:30:03","slug":"privezak-za-auto-sa-zlatnim-krstom","status":"publish","type":"product","link":"https:\/\/orthodoxblessings.com\/sr\/shop\/privezak-za-auto-sa-zlatnim-krstom\/","title":{"rendered":"Privezak za auto sa zlatnim krstom"},"content":{"rendered":"<p>Ovaj privezak za auto sa zlatnim krstom pru\u017ea duhovnu sigurnost i lepotu. Zlatna boja dodaje na eleganciji i mo\u017ee poslu\u017eiti kao za\u0161titni simbol na putu.<\/p>\n","protected":false},"excerpt":{"rendered":"<p>Ovaj privezak za auto sa zlatnim krstom pru\u017ea duhovnu sigurnost i lepotu. Zlatna boja dodaje na eleganciji i mo\u017ee poslu\u017eiti kao za\u0161titni simbol na putu.<\/p>\n","protected":false},"featured_media":7013,"template":"","meta":{"give_campaign_id":0},"product_brand":[],"product_cat":[343],"product_tag":[],"class_list":{"0":"post-7009","1":"product","2":"type-product","3":"status-publish","4":"has-post-thumbnail","6":"product_cat-krst-za-auto","8":"first","9":"instock","10":"purchasable","11":"product-type-simple"},"_links":{"self":[{"href":"https:\/\/orthodoxblessings.com\/sr\/wp-json\/wp\/v2\/product\/7009","targetHints":{"allow":["GET"]}}],"collection":[{"href":"https:\/\/orthodoxblessings.com\/sr\/wp-json\/wp\/v2\/product"}],"about":[{"href":"https:\/\/orthodoxblessings.com\/sr\/wp-json\/wp\/v2\/types\/product"}],"wp:featuredmedia":[{"embeddable":true,"href":"https:\/\/orthodoxblessings.com\/sr\/wp-json\/wp\/v2\/media\/7013"}],"wp:attachment":[{"href":"https:\/\/orthodoxblessings.com\/sr\/wp-json\/wp\/v2\/media?parent=7009"}],"wp:term":[{"taxonomy":"product_brand","embeddable":true,"href":"https:\/\/orthodoxblessings.com\/sr\/wp-json\/wp\/v2\/product_brand?post=7009"},{"taxonomy":"product_cat","embeddable":true,"href":"https:\/\/orthodoxblessings.com\/sr\/wp-json\/wp\/v2\/product_cat?post=7009"},{"taxonomy":"product_tag","embeddable":true,"href":"https:\/\/orthodoxblessings.com\/sr\/wp-json\/wp\/v2\/product_tag?post=7009"}],"curies":[{"name":"wp","href":"https:\/\/api.w.org\/{rel}","templated":true}]}}