{"id":7004,"date":"2025-12-09T16:56:53","date_gmt":"2025-12-09T16:56:53","guid":{"rendered":"https:\/\/orthodoxblessings.com\/?post_type=product&#038;p=7004"},"modified":"2025-12-09T17:03:13","modified_gmt":"2025-12-09T17:03:13","slug":"korshange-for-bil-med-trasnitt-av-jesus-kristus-vers-2","status":"publish","type":"product","link":"https:\/\/orthodoxblessings.com\/sr\/shop\/korshange-for-bil-med-trasnitt-av-jesus-kristus-vers-2\/","title":{"rendered":"Privezak krst za auto sa duborezom Isusa Hrista ver. 2"},"content":{"rendered":"<div id=\"e-n-tab-content-520011671\" class=\"e-active elementor-element elementor-element-73c41a6 e-con-full e-flex e-con e-child\" role=\"tabpanel\" aria-labelledby=\"e-n-tab-title-520011671\" data-tab-index=\"1\" data-id=\"73c41a6\" data-element_type=\"container\">\n<div class=\"elementor-element elementor-element-1f00fe3 e-flex e-con-boxed e-con e-child\" data-id=\"1f00fe3\" data-element_type=\"container\">\n<div class=\"e-con-inner\">\n<div class=\"elementor-element elementor-element-3ccdd0c elementor-widget elementor-widget-woocommerce-product-content\" data-id=\"3ccdd0c\" data-element_type=\"widget\" data-widget_type=\"woocommerce-product-content.default\">\n<div class=\"elementor-widget-container\">\n<p>Privezak krsti\u0107 za auto koji sadr\u017ei duborez i molitvu dodaje dodatnu duhovnu snagu. Molitva u kombinovanoj formi sa duborezom \u010dini ovaj privezak posebnim za\u0161titnikom na putu.<\/p>\n<\/div>\n<\/div>\n<\/div>\n<\/div>\n<\/div>\n","protected":false},"excerpt":{"rendered":"<p>Privezak krsti\u0107 za auto koji sadr\u017ei duborez i molitvu dodaje dodatnu duhovnu snagu. Molitva u kombinovanoj formi sa duborezom \u010dini ovaj privezak posebnim za\u0161titnikom na putu.<\/p>\n","protected":false},"featured_media":7007,"template":"","meta":{"give_campaign_id":0},"product_brand":[],"product_cat":[343],"product_tag":[],"class_list":{"0":"post-7004","1":"product","2":"type-product","3":"status-publish","4":"has-post-thumbnail","6":"product_cat-krst-za-auto","8":"first","9":"instock","10":"purchasable","11":"product-type-simple"},"_links":{"self":[{"href":"https:\/\/orthodoxblessings.com\/sr\/wp-json\/wp\/v2\/product\/7004","targetHints":{"allow":["GET"]}}],"collection":[{"href":"https:\/\/orthodoxblessings.com\/sr\/wp-json\/wp\/v2\/product"}],"about":[{"href":"https:\/\/orthodoxblessings.com\/sr\/wp-json\/wp\/v2\/types\/product"}],"wp:featuredmedia":[{"embeddable":true,"href":"https:\/\/orthodoxblessings.com\/sr\/wp-json\/wp\/v2\/media\/7007"}],"wp:attachment":[{"href":"https:\/\/orthodoxblessings.com\/sr\/wp-json\/wp\/v2\/media?parent=7004"}],"wp:term":[{"taxonomy":"product_brand","embeddable":true,"href":"https:\/\/orthodoxblessings.com\/sr\/wp-json\/wp\/v2\/product_brand?post=7004"},{"taxonomy":"product_cat","embeddable":true,"href":"https:\/\/orthodoxblessings.com\/sr\/wp-json\/wp\/v2\/product_cat?post=7004"},{"taxonomy":"product_tag","embeddable":true,"href":"https:\/\/orthodoxblessings.com\/sr\/wp-json\/wp\/v2\/product_tag?post=7004"}],"curies":[{"name":"wp","href":"https:\/\/api.w.org\/{rel}","templated":true}]}}