{"id":6986,"date":"2025-12-09T16:21:23","date_gmt":"2025-12-09T16:21:23","guid":{"rendered":"https:\/\/orthodoxblessings.com\/?post_type=product&#038;p=6986"},"modified":"2025-12-09T16:27:40","modified_gmt":"2025-12-09T16:27:40","slug":"privezak-krst-za-auto-sa-duborezom-i-isusa-hrista","status":"publish","type":"product","link":"https:\/\/orthodoxblessings.com\/sr\/shop\/privezak-krst-za-auto-sa-duborezom-i-isusa-hrista\/","title":{"rendered":"Privezak krst za auto sa duborezom i Isusa Hrista"},"content":{"rendered":"<p>Privezak krsti\u0107 za auto koji sadr\u017ei duborez i molitvu dodaje dodatnu duhovnu snagu. Molitva u kombinovanoj formi sa duborezom \u010dini ovaj privezak posebnim za\u0161titnikom na putu.<\/p>\n","protected":false},"excerpt":{"rendered":"<p>Privezak krsti\u0107 za auto koji sadr\u017ei duborez i molitvu dodaje dodatnu duhovnu snagu. Molitva u kombinovanoj formi sa duborezom \u010dini ovaj privezak posebnim za\u0161titnikom na putu.<\/p>\n","protected":false},"featured_media":6989,"template":"","meta":{"give_campaign_id":0},"product_brand":[],"product_cat":[343],"product_tag":[],"class_list":{"0":"post-6986","1":"product","2":"type-product","3":"status-publish","4":"has-post-thumbnail","6":"product_cat-krst-za-auto","8":"first","9":"instock","10":"purchasable","11":"product-type-simple"},"_links":{"self":[{"href":"https:\/\/orthodoxblessings.com\/sr\/wp-json\/wp\/v2\/product\/6986","targetHints":{"allow":["GET"]}}],"collection":[{"href":"https:\/\/orthodoxblessings.com\/sr\/wp-json\/wp\/v2\/product"}],"about":[{"href":"https:\/\/orthodoxblessings.com\/sr\/wp-json\/wp\/v2\/types\/product"}],"wp:featuredmedia":[{"embeddable":true,"href":"https:\/\/orthodoxblessings.com\/sr\/wp-json\/wp\/v2\/media\/6989"}],"wp:attachment":[{"href":"https:\/\/orthodoxblessings.com\/sr\/wp-json\/wp\/v2\/media?parent=6986"}],"wp:term":[{"taxonomy":"product_brand","embeddable":true,"href":"https:\/\/orthodoxblessings.com\/sr\/wp-json\/wp\/v2\/product_brand?post=6986"},{"taxonomy":"product_cat","embeddable":true,"href":"https:\/\/orthodoxblessings.com\/sr\/wp-json\/wp\/v2\/product_cat?post=6986"},{"taxonomy":"product_tag","embeddable":true,"href":"https:\/\/orthodoxblessings.com\/sr\/wp-json\/wp\/v2\/product_tag?post=6986"}],"curies":[{"name":"wp","href":"https:\/\/api.w.org\/{rel}","templated":true}]}}