{"id":6941,"date":"2025-12-09T14:17:31","date_gmt":"2025-12-09T14:17:31","guid":{"rendered":"https:\/\/orthodoxblessings.com\/?post_type=product&#038;p=6941"},"modified":"2025-12-09T14:22:15","modified_gmt":"2025-12-09T14:22:15","slug":"metalni-privezak-sa-ikonom-svete-petke","status":"publish","type":"product","link":"https:\/\/orthodoxblessings.com\/sr\/shop\/metalni-privezak-sa-ikonom-svete-petke\/","title":{"rendered":"Metalni privezak sa ikonom Svete Petke"},"content":{"rendered":"<p>Elegantni metalni privezak sa precizno izra\u0111enom ikonom Svete Petke, za\u0161titnice bolesnih i onih koji tra\u017ee duhovnu utehu. Savr\u0161en je za voza\u010de, putnike i sve koji \u017eele da osete blagoslov i za\u0161titu ove velike svetiteljke. Idealan kao poklon ili li\u010dni duhovni predmet.<\/p>\n","protected":false},"excerpt":{"rendered":"<p>Elegantni metalni privezak sa precizno izra\u0111enom ikonom Svete Petke, za\u0161titnice bolesnih i onih koji tra\u017ee duhovnu utehu. Savr\u0161en je za voza\u010de, putnike i sve koji \u017eele da osete blagoslov i za\u0161titu ove velike svetiteljke. Idealan kao poklon ili li\u010dni duhovni predmet.<\/p>\n","protected":false},"featured_media":6944,"template":"","meta":{"give_campaign_id":0},"product_brand":[],"product_cat":[343],"product_tag":[],"class_list":{"0":"post-6941","1":"product","2":"type-product","3":"status-publish","4":"has-post-thumbnail","6":"product_cat-krst-za-auto","8":"first","9":"instock","10":"purchasable","11":"product-type-simple"},"_links":{"self":[{"href":"https:\/\/orthodoxblessings.com\/sr\/wp-json\/wp\/v2\/product\/6941","targetHints":{"allow":["GET"]}}],"collection":[{"href":"https:\/\/orthodoxblessings.com\/sr\/wp-json\/wp\/v2\/product"}],"about":[{"href":"https:\/\/orthodoxblessings.com\/sr\/wp-json\/wp\/v2\/types\/product"}],"wp:featuredmedia":[{"embeddable":true,"href":"https:\/\/orthodoxblessings.com\/sr\/wp-json\/wp\/v2\/media\/6944"}],"wp:attachment":[{"href":"https:\/\/orthodoxblessings.com\/sr\/wp-json\/wp\/v2\/media?parent=6941"}],"wp:term":[{"taxonomy":"product_brand","embeddable":true,"href":"https:\/\/orthodoxblessings.com\/sr\/wp-json\/wp\/v2\/product_brand?post=6941"},{"taxonomy":"product_cat","embeddable":true,"href":"https:\/\/orthodoxblessings.com\/sr\/wp-json\/wp\/v2\/product_cat?post=6941"},{"taxonomy":"product_tag","embeddable":true,"href":"https:\/\/orthodoxblessings.com\/sr\/wp-json\/wp\/v2\/product_tag?post=6941"}],"curies":[{"name":"wp","href":"https:\/\/api.w.org\/{rel}","templated":true}]}}