{"id":6813,"date":"2025-12-08T15:11:38","date_gmt":"2025-12-08T15:11:38","guid":{"rendered":"https:\/\/orthodoxblessings.com\/?post_type=product&#038;p=6813"},"modified":"2025-12-08T16:12:46","modified_gmt":"2025-12-08T16:12:46","slug":"zidno-kandilo-zlatno-2","status":"publish","type":"product","link":"https:\/\/orthodoxblessings.com\/sr\/shop\/zidno-kandilo-zlatno-2\/","title":{"rendered":"Zidno kandilo zlatno"},"content":{"rendered":"<p>Zlatno zidno kandilo visokog kvaliteta, sa elegantnim ukrasima koji isti\u010du njegov duhovni zna\u010daj. Savr\u0161eno za osve\u0161tane prostore, omogu\u0107ava umiruju\u0107e svetlo u svakodnevnim molitvama.<\/p>\n","protected":false},"excerpt":{"rendered":"<p>Zlatno zidno kandilo visokog kvaliteta, sa elegantnim ukrasima koji isti\u010du njegov duhovni zna\u010daj. Savr\u0161eno za osve\u0161tane prostore, omogu\u0107ava umiruju\u0107e svetlo u svakodnevnim molitvama.<\/p>\n","protected":false},"featured_media":6816,"template":"","meta":{"give_campaign_id":0},"product_brand":[],"product_cat":[335],"product_tag":[],"class_list":{"0":"post-6813","1":"product","2":"type-product","3":"status-publish","4":"has-post-thumbnail","6":"product_cat-kandila","8":"first","9":"instock","10":"purchasable","11":"product-type-simple"},"_links":{"self":[{"href":"https:\/\/orthodoxblessings.com\/sr\/wp-json\/wp\/v2\/product\/6813","targetHints":{"allow":["GET"]}}],"collection":[{"href":"https:\/\/orthodoxblessings.com\/sr\/wp-json\/wp\/v2\/product"}],"about":[{"href":"https:\/\/orthodoxblessings.com\/sr\/wp-json\/wp\/v2\/types\/product"}],"wp:featuredmedia":[{"embeddable":true,"href":"https:\/\/orthodoxblessings.com\/sr\/wp-json\/wp\/v2\/media\/6816"}],"wp:attachment":[{"href":"https:\/\/orthodoxblessings.com\/sr\/wp-json\/wp\/v2\/media?parent=6813"}],"wp:term":[{"taxonomy":"product_brand","embeddable":true,"href":"https:\/\/orthodoxblessings.com\/sr\/wp-json\/wp\/v2\/product_brand?post=6813"},{"taxonomy":"product_cat","embeddable":true,"href":"https:\/\/orthodoxblessings.com\/sr\/wp-json\/wp\/v2\/product_cat?post=6813"},{"taxonomy":"product_tag","embeddable":true,"href":"https:\/\/orthodoxblessings.com\/sr\/wp-json\/wp\/v2\/product_tag?post=6813"}],"curies":[{"name":"wp","href":"https:\/\/api.w.org\/{rel}","templated":true}]}}