{"id":6782,"date":"2025-12-08T11:08:58","date_gmt":"2025-12-08T11:08:58","guid":{"rendered":"https:\/\/orthodoxblessings.com\/?post_type=product&#038;p=6782"},"modified":"2025-12-31T10:55:39","modified_gmt":"2025-12-31T10:55:39","slug":"novi-zavet-knjiga-izreka","status":"publish","type":"product","link":"https:\/\/orthodoxblessings.com\/sr\/shop\/novi-zavet-knjiga-izreka\/","title":{"rendered":"Novi zavet &#8211; Knjiga izreka"},"content":{"rendered":"<div class=\"kO6q6e\" dir=\"ltr\">Jasno i sa\u017eeto izdanje Novog zaveta, idealno za svakodnevno \u010ditanje i no\u0161enje sa sobom.<\/div>\n","protected":false},"excerpt":{"rendered":"<p>Jasno i sa\u017eeto izdanje Novog zaveta, idealno za svakodnevno \u010ditanje i no\u0161enje sa sobom.<\/p>\n","protected":false},"featured_media":6788,"template":"","meta":{"give_campaign_id":0},"product_brand":[],"product_cat":[324],"product_tag":[],"class_list":{"0":"post-6782","1":"product","2":"type-product","3":"status-publish","4":"has-post-thumbnail","6":"product_cat-dzepna-izdanja","8":"first","9":"instock","10":"purchasable","11":"product-type-simple"},"_links":{"self":[{"href":"https:\/\/orthodoxblessings.com\/sr\/wp-json\/wp\/v2\/product\/6782","targetHints":{"allow":["GET"]}}],"collection":[{"href":"https:\/\/orthodoxblessings.com\/sr\/wp-json\/wp\/v2\/product"}],"about":[{"href":"https:\/\/orthodoxblessings.com\/sr\/wp-json\/wp\/v2\/types\/product"}],"wp:featuredmedia":[{"embeddable":true,"href":"https:\/\/orthodoxblessings.com\/sr\/wp-json\/wp\/v2\/media\/6788"}],"wp:attachment":[{"href":"https:\/\/orthodoxblessings.com\/sr\/wp-json\/wp\/v2\/media?parent=6782"}],"wp:term":[{"taxonomy":"product_brand","embeddable":true,"href":"https:\/\/orthodoxblessings.com\/sr\/wp-json\/wp\/v2\/product_brand?post=6782"},{"taxonomy":"product_cat","embeddable":true,"href":"https:\/\/orthodoxblessings.com\/sr\/wp-json\/wp\/v2\/product_cat?post=6782"},{"taxonomy":"product_tag","embeddable":true,"href":"https:\/\/orthodoxblessings.com\/sr\/wp-json\/wp\/v2\/product_tag?post=6782"}],"curies":[{"name":"wp","href":"https:\/\/api.w.org\/{rel}","templated":true}]}}