{"id":6775,"date":"2025-12-08T10:53:40","date_gmt":"2025-12-08T10:53:40","guid":{"rendered":"https:\/\/orthodoxblessings.com\/?post_type=product&#038;p=6775"},"modified":"2025-12-08T10:55:54","modified_gmt":"2025-12-08T10:55:54","slug":"prsten-oce-nas-sareni","status":"publish","type":"product","link":"https:\/\/orthodoxblessings.com\/sr\/shop\/prsten-oce-nas-sareni\/","title":{"rendered":"Prsten O\u010de na\u0161 \u0161areni"},"content":{"rendered":"<p>Prekrasan prsten sa urezanom molitvom \u201eO\u010de na\u0161\u201c i simbolom krsti\u0107a. Simbol vere i za\u0161tite, pogodan za svakodnevno no\u0161enje kao podse\u0107anje na snagu molitve.<\/p>\n","protected":false},"excerpt":{"rendered":"<p>Prekrasan prsten sa urezanom molitvom \u201eO\u010de na\u0161\u201c i simbolom krsti\u0107a. Simbol vere i za\u0161tite, pogodan za svakodnevno no\u0161enje kao podse\u0107anje na snagu molitve.<\/p>\n","protected":false},"featured_media":6779,"template":"","meta":{"give_campaign_id":0},"product_brand":[],"product_cat":[316],"product_tag":[],"class_list":{"0":"post-6775","1":"product","2":"type-product","3":"status-publish","4":"has-post-thumbnail","6":"product_cat-prstenje","8":"first","9":"instock","10":"purchasable","11":"product-type-simple"},"_links":{"self":[{"href":"https:\/\/orthodoxblessings.com\/sr\/wp-json\/wp\/v2\/product\/6775","targetHints":{"allow":["GET"]}}],"collection":[{"href":"https:\/\/orthodoxblessings.com\/sr\/wp-json\/wp\/v2\/product"}],"about":[{"href":"https:\/\/orthodoxblessings.com\/sr\/wp-json\/wp\/v2\/types\/product"}],"wp:featuredmedia":[{"embeddable":true,"href":"https:\/\/orthodoxblessings.com\/sr\/wp-json\/wp\/v2\/media\/6779"}],"wp:attachment":[{"href":"https:\/\/orthodoxblessings.com\/sr\/wp-json\/wp\/v2\/media?parent=6775"}],"wp:term":[{"taxonomy":"product_brand","embeddable":true,"href":"https:\/\/orthodoxblessings.com\/sr\/wp-json\/wp\/v2\/product_brand?post=6775"},{"taxonomy":"product_cat","embeddable":true,"href":"https:\/\/orthodoxblessings.com\/sr\/wp-json\/wp\/v2\/product_cat?post=6775"},{"taxonomy":"product_tag","embeddable":true,"href":"https:\/\/orthodoxblessings.com\/sr\/wp-json\/wp\/v2\/product_tag?post=6775"}],"curies":[{"name":"wp","href":"https:\/\/api.w.org\/{rel}","templated":true}]}}