{"id":6749,"date":"2025-12-06T13:02:10","date_gmt":"2025-12-06T13:02:10","guid":{"rendered":"https:\/\/orthodoxblessings.com\/?post_type=product&#038;p=6749"},"modified":"2025-12-06T14:04:49","modified_gmt":"2025-12-06T14:04:49","slug":"johannes-chrysostomos","status":"publish","type":"product","link":"https:\/\/orthodoxblessings.com\/sr\/shop\/johannes-chrysostomos\/","title":{"rendered":"Johannes Chrysostomos"},"content":{"rendered":"<div class=\"kO6q6e\" dir=\"ltr\">Ovo je zbirka od pet beseda Svetog Jovana Zlatoustog u kojima on razmi\u0161lja o tome \u0161ta \u010dovek mo\u017ee znati o Bogu i o granicama ljudskog znanja, uklju\u010dujuc\u0301i i samospoznaju.<\/div>\n","protected":false},"excerpt":{"rendered":"<p>Ovo je zbirka od pet beseda Svetog Jovana Zlatoustog u kojima on razmi\u0161lja o tome \u0161ta \u010dovek mo\u017ee znati o Bogu i o granicama ljudskog znanja, uklju\u010dujuc\u0301i i samospoznaju.<\/p>\n","protected":false},"featured_media":6752,"template":"","meta":{"give_campaign_id":0},"product_brand":[],"product_cat":[307],"product_tag":[],"class_list":{"0":"post-6749","1":"product","2":"type-product","3":"status-publish","4":"has-post-thumbnail","6":"product_cat-duhovna-literatura","8":"first","9":"instock","10":"purchasable","11":"product-type-simple"},"_links":{"self":[{"href":"https:\/\/orthodoxblessings.com\/sr\/wp-json\/wp\/v2\/product\/6749","targetHints":{"allow":["GET"]}}],"collection":[{"href":"https:\/\/orthodoxblessings.com\/sr\/wp-json\/wp\/v2\/product"}],"about":[{"href":"https:\/\/orthodoxblessings.com\/sr\/wp-json\/wp\/v2\/types\/product"}],"wp:featuredmedia":[{"embeddable":true,"href":"https:\/\/orthodoxblessings.com\/sr\/wp-json\/wp\/v2\/media\/6752"}],"wp:attachment":[{"href":"https:\/\/orthodoxblessings.com\/sr\/wp-json\/wp\/v2\/media?parent=6749"}],"wp:term":[{"taxonomy":"product_brand","embeddable":true,"href":"https:\/\/orthodoxblessings.com\/sr\/wp-json\/wp\/v2\/product_brand?post=6749"},{"taxonomy":"product_cat","embeddable":true,"href":"https:\/\/orthodoxblessings.com\/sr\/wp-json\/wp\/v2\/product_cat?post=6749"},{"taxonomy":"product_tag","embeddable":true,"href":"https:\/\/orthodoxblessings.com\/sr\/wp-json\/wp\/v2\/product_tag?post=6749"}],"curies":[{"name":"wp","href":"https:\/\/api.w.org\/{rel}","templated":true}]}}