{"id":6720,"date":"2025-12-05T18:15:42","date_gmt":"2025-12-05T18:15:42","guid":{"rendered":"https:\/\/orthodoxblessings.com\/?post_type=product&#038;p=6720"},"modified":"2025-12-06T15:38:19","modified_gmt":"2025-12-06T15:38:19","slug":"istina-i-radost-vere","status":"publish","type":"product","link":"https:\/\/orthodoxblessings.com\/sr\/shop\/istina-i-radost-vere\/","title":{"rendered":"Istina i radost vere"},"content":{"rendered":"<div class=\"kO6q6e\" dir=\"ltr\">Knjiga je namenjena svima koji \u017eele bolje upoznati pravoslavnu Crkvu kao \u017eivu zajednicu, ali i onima koje zanimaju pitanja odnosa vere i modernog dru\u0161tva, posebno u evropskom kontekstu.<\/div>\n","protected":false},"excerpt":{"rendered":"<p>Knjiga je namenjena svima koji \u017eele bolje upoznati pravoslavnu Crkvu kao \u017eivu zajednicu, ali i onima koje zanimaju pitanja odnosa vere i modernog dru\u0161tva, posebno u evropskom kontekstu.<\/p>\n","protected":false},"featured_media":6770,"template":"","meta":{"give_campaign_id":0},"product_brand":[],"product_cat":[307],"product_tag":[],"class_list":{"0":"post-6720","1":"product","2":"type-product","3":"status-publish","4":"has-post-thumbnail","6":"product_cat-duhovna-literatura","8":"first","9":"instock","10":"purchasable","11":"product-type-simple"},"_links":{"self":[{"href":"https:\/\/orthodoxblessings.com\/sr\/wp-json\/wp\/v2\/product\/6720","targetHints":{"allow":["GET"]}}],"collection":[{"href":"https:\/\/orthodoxblessings.com\/sr\/wp-json\/wp\/v2\/product"}],"about":[{"href":"https:\/\/orthodoxblessings.com\/sr\/wp-json\/wp\/v2\/types\/product"}],"wp:featuredmedia":[{"embeddable":true,"href":"https:\/\/orthodoxblessings.com\/sr\/wp-json\/wp\/v2\/media\/6770"}],"wp:attachment":[{"href":"https:\/\/orthodoxblessings.com\/sr\/wp-json\/wp\/v2\/media?parent=6720"}],"wp:term":[{"taxonomy":"product_brand","embeddable":true,"href":"https:\/\/orthodoxblessings.com\/sr\/wp-json\/wp\/v2\/product_brand?post=6720"},{"taxonomy":"product_cat","embeddable":true,"href":"https:\/\/orthodoxblessings.com\/sr\/wp-json\/wp\/v2\/product_cat?post=6720"},{"taxonomy":"product_tag","embeddable":true,"href":"https:\/\/orthodoxblessings.com\/sr\/wp-json\/wp\/v2\/product_tag?post=6720"}],"curies":[{"name":"wp","href":"https:\/\/api.w.org\/{rel}","templated":true}]}}