{"id":6715,"date":"2025-12-05T18:12:10","date_gmt":"2025-12-05T18:12:10","guid":{"rendered":"https:\/\/orthodoxblessings.com\/?post_type=product&#038;p=6715"},"modified":"2025-12-06T14:50:14","modified_gmt":"2025-12-06T14:50:14","slug":"prica-jednog-ruskog-hodocasnika","status":"publish","type":"product","link":"https:\/\/orthodoxblessings.com\/sr\/shop\/prica-jednog-ruskog-hodocasnika\/","title":{"rendered":"Pri\u010da jednog ruskog hodo\u010dasnika"},"content":{"rendered":"<p>Pripoveda putovanje anonimnog ruskog hodo\u010dasnika iz 19. veka koji luta kroz Rusiju tra\u017ee\u0107i odgovor na biblijske re\u010di \u201cmolite se bez prestanka\u201d. Susre\u0107e starca\u2013duhovnog oca koji ga u\u010di Isusovoj molitvi.<\/p>\n","protected":false},"excerpt":{"rendered":"<p>Pripoveda putovanje anonimnog ruskog hodo\u010dasnika iz 19. veka koji luta kroz Rusiju tra\u017ee\u0107i odgovor na biblijske re\u010di \u201cmolite se bez prestanka\u201d. Susre\u0107e starca\u2013duhovnog oca koji ga u\u010di Isusovoj molitvi.<\/p>\n","protected":false},"featured_media":6764,"template":"","meta":{"give_campaign_id":0},"product_brand":[],"product_cat":[307],"product_tag":[],"class_list":{"0":"post-6715","1":"product","2":"type-product","3":"status-publish","4":"has-post-thumbnail","6":"product_cat-duhovna-literatura","8":"first","9":"instock","10":"purchasable","11":"product-type-simple"},"_links":{"self":[{"href":"https:\/\/orthodoxblessings.com\/sr\/wp-json\/wp\/v2\/product\/6715","targetHints":{"allow":["GET"]}}],"collection":[{"href":"https:\/\/orthodoxblessings.com\/sr\/wp-json\/wp\/v2\/product"}],"about":[{"href":"https:\/\/orthodoxblessings.com\/sr\/wp-json\/wp\/v2\/types\/product"}],"wp:featuredmedia":[{"embeddable":true,"href":"https:\/\/orthodoxblessings.com\/sr\/wp-json\/wp\/v2\/media\/6764"}],"wp:attachment":[{"href":"https:\/\/orthodoxblessings.com\/sr\/wp-json\/wp\/v2\/media?parent=6715"}],"wp:term":[{"taxonomy":"product_brand","embeddable":true,"href":"https:\/\/orthodoxblessings.com\/sr\/wp-json\/wp\/v2\/product_brand?post=6715"},{"taxonomy":"product_cat","embeddable":true,"href":"https:\/\/orthodoxblessings.com\/sr\/wp-json\/wp\/v2\/product_cat?post=6715"},{"taxonomy":"product_tag","embeddable":true,"href":"https:\/\/orthodoxblessings.com\/sr\/wp-json\/wp\/v2\/product_tag?post=6715"}],"curies":[{"name":"wp","href":"https:\/\/api.w.org\/{rel}","templated":true}]}}