{"id":6708,"date":"2025-12-05T18:02:20","date_gmt":"2025-12-05T18:02:20","guid":{"rendered":"https:\/\/orthodoxblessings.com\/?post_type=product&#038;p=6708"},"modified":"2025-12-06T14:12:13","modified_gmt":"2025-12-06T14:12:13","slug":"sveti-duh","status":"publish","type":"product","link":"https:\/\/orthodoxblessings.com\/sr\/shop\/sveti-duh\/","title":{"rendered":"Sveti Duh"},"content":{"rendered":"<p>Ova knjiga je kratak, ali dubok pravoslavni uvod u osobno iskustvo Duha Svetoga u \u017eivotu hri\u0161\u0107anina, napisan jednostavnim i pristupa\u010dnim stilom metropolita Kallistosa Warea. Autor obja\u0161njava ko je Duh Sveti, kako deluje u crkvi i u srcu vernika te kako molitva, sakramenti i svakodnevni pokajni\u010dki \u017eivot otvaraju \u010doveka za preobra\u017eavaju\u0107u Bo\u017eju milost.<\/p>\n","protected":false},"excerpt":{"rendered":"<p>Ova knjiga je kratak, ali dubok pravoslavni uvod u osobno iskustvo Duha Svetoga u \u017eivotu hri\u0161\u0107anina, napisan jednostavnim i pristupa\u010dnim stilom metropolita Kallistosa Warea. Autor obja\u0161njava ko je Duh Sveti, kako deluje u crkvi i u srcu vernika te kako molitva, sakramenti i svakodnevni pokajni\u010dki \u017eivot otvaraju \u010doveka za preobra\u017eavaju\u0107u Bo\u017eju milost.<\/p>\n","protected":false},"featured_media":6755,"template":"","meta":{"give_campaign_id":0},"product_brand":[],"product_cat":[307],"product_tag":[],"class_list":{"0":"post-6708","1":"product","2":"type-product","3":"status-publish","4":"has-post-thumbnail","6":"product_cat-duhovna-literatura","8":"first","9":"instock","10":"purchasable","11":"product-type-simple"},"_links":{"self":[{"href":"https:\/\/orthodoxblessings.com\/sr\/wp-json\/wp\/v2\/product\/6708","targetHints":{"allow":["GET"]}}],"collection":[{"href":"https:\/\/orthodoxblessings.com\/sr\/wp-json\/wp\/v2\/product"}],"about":[{"href":"https:\/\/orthodoxblessings.com\/sr\/wp-json\/wp\/v2\/types\/product"}],"wp:featuredmedia":[{"embeddable":true,"href":"https:\/\/orthodoxblessings.com\/sr\/wp-json\/wp\/v2\/media\/6755"}],"wp:attachment":[{"href":"https:\/\/orthodoxblessings.com\/sr\/wp-json\/wp\/v2\/media?parent=6708"}],"wp:term":[{"taxonomy":"product_brand","embeddable":true,"href":"https:\/\/orthodoxblessings.com\/sr\/wp-json\/wp\/v2\/product_brand?post=6708"},{"taxonomy":"product_cat","embeddable":true,"href":"https:\/\/orthodoxblessings.com\/sr\/wp-json\/wp\/v2\/product_cat?post=6708"},{"taxonomy":"product_tag","embeddable":true,"href":"https:\/\/orthodoxblessings.com\/sr\/wp-json\/wp\/v2\/product_tag?post=6708"}],"curies":[{"name":"wp","href":"https:\/\/api.w.org\/{rel}","templated":true}]}}