{"id":6704,"date":"2025-12-05T17:58:48","date_gmt":"2025-12-05T17:58:48","guid":{"rendered":"https:\/\/orthodoxblessings.com\/?post_type=product&#038;p=6704"},"modified":"2025-12-06T12:55:41","modified_gmt":"2025-12-06T12:55:41","slug":"duhovna-azbuka","status":"publish","type":"product","link":"https:\/\/orthodoxblessings.com\/sr\/shop\/duhovna-azbuka\/","title":{"rendered":"Duhovna azbuka"},"content":{"rendered":"<p>Knjiga je zami\u0161ljena kao \u201eduhovna azbuka\u201c: kratka poglavlja poredjana poput azbuke koja obra\u0111uju temeljne teme duhovnog \u017eivota, od vere, pokajanja i molitve do poniznosti, strpljenja i borbe sa strastima.\u200b<br \/>\nSvako poglavlje donosi sa\u017eet savet, \u010desto u obliku kratke misli ili odlomka iz pisma, kako bi \u010ditaoca vodilo prema obra\u0107enju srca i stalnom se\u0107anju na Boga.<\/p>\n","protected":false},"excerpt":{"rendered":"<p>Knjiga je zami\u0161ljena kao \u201eduhovna azbuka\u201c: kratka poglavlja poredjana poput azbuke koja obra\u0111uju temeljne teme duhovnog \u017eivota, od vere, pokajanja i molitve do poniznosti, strpljenja i borbe sa strastima.\u200b Svako poglavlje donosi sa\u017eet savet, \u010desto u obliku kratke misli ili odlomka iz pisma, kako bi \u010ditaoca vodilo prema obra\u0107enju srca i stalnom se\u0107anju na Boga.<\/p>\n","protected":false},"featured_media":6746,"template":"","meta":{"give_campaign_id":0},"product_brand":[],"product_cat":[307],"product_tag":[],"class_list":{"0":"post-6704","1":"product","2":"type-product","3":"status-publish","4":"has-post-thumbnail","6":"product_cat-duhovna-literatura","8":"first","9":"instock","10":"purchasable","11":"product-type-simple"},"_links":{"self":[{"href":"https:\/\/orthodoxblessings.com\/sr\/wp-json\/wp\/v2\/product\/6704","targetHints":{"allow":["GET"]}}],"collection":[{"href":"https:\/\/orthodoxblessings.com\/sr\/wp-json\/wp\/v2\/product"}],"about":[{"href":"https:\/\/orthodoxblessings.com\/sr\/wp-json\/wp\/v2\/types\/product"}],"wp:featuredmedia":[{"embeddable":true,"href":"https:\/\/orthodoxblessings.com\/sr\/wp-json\/wp\/v2\/media\/6746"}],"wp:attachment":[{"href":"https:\/\/orthodoxblessings.com\/sr\/wp-json\/wp\/v2\/media?parent=6704"}],"wp:term":[{"taxonomy":"product_brand","embeddable":true,"href":"https:\/\/orthodoxblessings.com\/sr\/wp-json\/wp\/v2\/product_brand?post=6704"},{"taxonomy":"product_cat","embeddable":true,"href":"https:\/\/orthodoxblessings.com\/sr\/wp-json\/wp\/v2\/product_cat?post=6704"},{"taxonomy":"product_tag","embeddable":true,"href":"https:\/\/orthodoxblessings.com\/sr\/wp-json\/wp\/v2\/product_tag?post=6704"}],"curies":[{"name":"wp","href":"https:\/\/api.w.org\/{rel}","templated":true}]}}