{"id":6701,"date":"2025-12-05T17:52:24","date_gmt":"2025-12-05T17:52:24","guid":{"rendered":"https:\/\/orthodoxblessings.com\/?post_type=product&#038;p=6701"},"modified":"2025-12-06T11:42:24","modified_gmt":"2025-12-06T11:42:24","slug":"ortodox-katekes-den-ortodoxa-kyrkans-larogrund","status":"publish","type":"product","link":"https:\/\/orthodoxblessings.com\/sr\/shop\/ortodox-katekes-den-ortodoxa-kyrkans-larogrund\/","title":{"rendered":"Ortodox Katekes: Den Ortodoxa Kyrkans l\u00e5rogrund"},"content":{"rendered":"<div class=\"kO6q6e\" dir=\"ltr\">Knjiga je namenjena vernicima koji \u017eele da prodube razumevanje pravoslavne vere, kao i onima koji tek upoznaju Pravoslavlje i tra\u017ee celovit, ali pristupa\u010dan uvod. Mo\u017ee da poslu\u017ei i kao pomoc\u0301ni ud\u017ebenik sve\u0161tenicima koji dr\u017ee veronauku deci, mladima ili odraslima u okviru parohijskog \u017eivota.<\/div>\n","protected":false},"excerpt":{"rendered":"<p>Knjiga je namenjena vernicima koji \u017eele da prodube razumevanje pravoslavne vere, kao i onima koji tek upoznaju Pravoslavlje i tra\u017ee celovit, ali pristupa\u010dan uvod. Mo\u017ee da poslu\u017ei i kao pomoc\u0301ni ud\u017ebenik sve\u0161tenicima koji dr\u017ee veronauku deci, mladima ili odraslima u okviru parohijskog \u017eivota.<\/p>\n","protected":false},"featured_media":6743,"template":"","meta":{"give_campaign_id":0},"product_brand":[],"product_cat":[307],"product_tag":[],"class_list":{"0":"post-6701","1":"product","2":"type-product","3":"status-publish","4":"has-post-thumbnail","6":"product_cat-duhovna-literatura","8":"first","9":"instock","10":"purchasable","11":"product-type-simple"},"_links":{"self":[{"href":"https:\/\/orthodoxblessings.com\/sr\/wp-json\/wp\/v2\/product\/6701","targetHints":{"allow":["GET"]}}],"collection":[{"href":"https:\/\/orthodoxblessings.com\/sr\/wp-json\/wp\/v2\/product"}],"about":[{"href":"https:\/\/orthodoxblessings.com\/sr\/wp-json\/wp\/v2\/types\/product"}],"wp:featuredmedia":[{"embeddable":true,"href":"https:\/\/orthodoxblessings.com\/sr\/wp-json\/wp\/v2\/media\/6743"}],"wp:attachment":[{"href":"https:\/\/orthodoxblessings.com\/sr\/wp-json\/wp\/v2\/media?parent=6701"}],"wp:term":[{"taxonomy":"product_brand","embeddable":true,"href":"https:\/\/orthodoxblessings.com\/sr\/wp-json\/wp\/v2\/product_brand?post=6701"},{"taxonomy":"product_cat","embeddable":true,"href":"https:\/\/orthodoxblessings.com\/sr\/wp-json\/wp\/v2\/product_cat?post=6701"},{"taxonomy":"product_tag","embeddable":true,"href":"https:\/\/orthodoxblessings.com\/sr\/wp-json\/wp\/v2\/product_tag?post=6701"}],"curies":[{"name":"wp","href":"https:\/\/api.w.org\/{rel}","templated":true}]}}