{"id":6697,"date":"2025-12-05T17:32:57","date_gmt":"2025-12-05T17:32:57","guid":{"rendered":"https:\/\/orthodoxblessings.com\/?post_type=product&#038;p=6697"},"modified":"2025-12-06T11:17:49","modified_gmt":"2025-12-06T11:17:49","slug":"suze-teku-u-nebo","status":"publish","type":"product","link":"https:\/\/orthodoxblessings.com\/sr\/shop\/suze-teku-u-nebo\/","title":{"rendered":"Suze teku u nebo"},"content":{"rendered":"<h3 data-start=\"377\" data-end=\"405\">\u017divot svetog Sergija<\/h3>\n<ul data-start=\"406\" data-end=\"642\">\n<li data-start=\"406\" data-end=\"449\">\n<p data-start=\"408\" data-end=\"449\">Njegovo detinjstvo i duhovno sazrevanje<\/p>\n<\/li>\n<li data-start=\"450\" data-end=\"492\">\n<p data-start=\"452\" data-end=\"492\">Povla\u010denje u osamu i pustinja\u010dki \u017eivot<\/p>\n<\/li>\n<li data-start=\"493\" data-end=\"583\">\n<p data-start=\"495\" data-end=\"583\">Osnivanje Trojice-Sergijeve lavre (jednog od najve\u0107ih pravoslavnih manastira u Rusiji)<\/p>\n<\/li>\n<li data-start=\"584\" data-end=\"642\">\n<p data-start=\"586\" data-end=\"642\">Njegov asketski trud, molitvu, \u010dudesa i duhovni uticaj<\/p>\n<\/li>\n<\/ul>\n","protected":false},"excerpt":{"rendered":"<p>\u017divot svetog Sergija Njegovo detinjstvo i duhovno sazrevanje Povla\u010denje u osamu i pustinja\u010dki \u017eivot Osnivanje Trojice-Sergijeve lavre (jednog od najve\u0107ih pravoslavnih manastira u Rusiji) Njegov asketski trud, molitvu, \u010dudesa i duhovni uticaj<\/p>\n","protected":false},"featured_media":6740,"template":"","meta":{"give_campaign_id":0},"product_brand":[],"product_cat":[307],"product_tag":[],"class_list":{"0":"post-6697","1":"product","2":"type-product","3":"status-publish","4":"has-post-thumbnail","6":"product_cat-duhovna-literatura","8":"first","9":"instock","10":"purchasable","11":"product-type-simple"},"_links":{"self":[{"href":"https:\/\/orthodoxblessings.com\/sr\/wp-json\/wp\/v2\/product\/6697","targetHints":{"allow":["GET"]}}],"collection":[{"href":"https:\/\/orthodoxblessings.com\/sr\/wp-json\/wp\/v2\/product"}],"about":[{"href":"https:\/\/orthodoxblessings.com\/sr\/wp-json\/wp\/v2\/types\/product"}],"wp:featuredmedia":[{"embeddable":true,"href":"https:\/\/orthodoxblessings.com\/sr\/wp-json\/wp\/v2\/media\/6740"}],"wp:attachment":[{"href":"https:\/\/orthodoxblessings.com\/sr\/wp-json\/wp\/v2\/media?parent=6697"}],"wp:term":[{"taxonomy":"product_brand","embeddable":true,"href":"https:\/\/orthodoxblessings.com\/sr\/wp-json\/wp\/v2\/product_brand?post=6697"},{"taxonomy":"product_cat","embeddable":true,"href":"https:\/\/orthodoxblessings.com\/sr\/wp-json\/wp\/v2\/product_cat?post=6697"},{"taxonomy":"product_tag","embeddable":true,"href":"https:\/\/orthodoxblessings.com\/sr\/wp-json\/wp\/v2\/product_tag?post=6697"}],"curies":[{"name":"wp","href":"https:\/\/api.w.org\/{rel}","templated":true}]}}