{"id":6694,"date":"2025-12-05T17:04:50","date_gmt":"2025-12-05T17:04:50","guid":{"rendered":"https:\/\/orthodoxblessings.com\/?post_type=product&#038;p=6694"},"modified":"2025-12-06T11:00:27","modified_gmt":"2025-12-06T11:00:27","slug":"upoznajte-bogosluzenje-pravoslavne-crkve","status":"publish","type":"product","link":"https:\/\/orthodoxblessings.com\/sr\/shop\/upoznajte-bogosluzenje-pravoslavne-crkve\/","title":{"rendered":"Upoznajte bogoslu\u017eenje pravoslavne crkve"},"content":{"rendered":"<div class=\"kO6q6e\" dir=\"ltr\">Knjiga na jednostavan, pristupa\u010dan i prakti\u010dan na\u010din obja\u0161njava: Smisao i strukturu liturgije \u2013 \u0161ta koja slu\u017eba zna\u010di i za\u0161to se slu\u017ei na taj na\u010din. Simboliku hrama, ode\u017edi, pokreta i molitvi \u2013 da bi vernik znao \u0161ta se de\u0161ava i \u0161ta stoji iza toga. Tok Svete Liturgije \u201ekorak po korak\u201c, tako da \u010ditalac mo\u017ee lak\u0161e da prati slu\u017ebu u hramu. Osnovne crkvene pojmove, obrede i praznike, obja\u0161njene razumljivo, bez teolo\u0161kog \u201ete\u0161kog\u201c jezika. Ulogu mirjana u liturgijskom \u017eivotu, odnosno kako vernici aktivno i svesno u\u010destvuju u bogoslu\u017eenju.<\/div>\n","protected":false},"excerpt":{"rendered":"<p>Knjiga na jednostavan, pristupa\u010dan i prakti\u010dan na\u010din obja\u0161njava: Smisao i strukturu liturgije \u2013 \u0161ta koja slu\u017eba zna\u010di i za\u0161to se slu\u017ei na taj na\u010din. Simboliku hrama, ode\u017edi, pokreta i molitvi \u2013 da bi vernik znao \u0161ta se de\u0161ava i \u0161ta stoji iza toga. Tok Svete Liturgije \u201ekorak po korak\u201c, tako da \u010ditalac mo\u017ee lak\u0161e da [&hellip;]<\/p>\n","protected":false},"featured_media":6737,"template":"","meta":{"give_campaign_id":0},"product_brand":[],"product_cat":[307],"product_tag":[],"class_list":{"0":"post-6694","1":"product","2":"type-product","3":"status-publish","4":"has-post-thumbnail","6":"product_cat-duhovna-literatura","8":"first","9":"instock","10":"purchasable","11":"product-type-simple"},"_links":{"self":[{"href":"https:\/\/orthodoxblessings.com\/sr\/wp-json\/wp\/v2\/product\/6694","targetHints":{"allow":["GET"]}}],"collection":[{"href":"https:\/\/orthodoxblessings.com\/sr\/wp-json\/wp\/v2\/product"}],"about":[{"href":"https:\/\/orthodoxblessings.com\/sr\/wp-json\/wp\/v2\/types\/product"}],"wp:featuredmedia":[{"embeddable":true,"href":"https:\/\/orthodoxblessings.com\/sr\/wp-json\/wp\/v2\/media\/6737"}],"wp:attachment":[{"href":"https:\/\/orthodoxblessings.com\/sr\/wp-json\/wp\/v2\/media?parent=6694"}],"wp:term":[{"taxonomy":"product_brand","embeddable":true,"href":"https:\/\/orthodoxblessings.com\/sr\/wp-json\/wp\/v2\/product_brand?post=6694"},{"taxonomy":"product_cat","embeddable":true,"href":"https:\/\/orthodoxblessings.com\/sr\/wp-json\/wp\/v2\/product_cat?post=6694"},{"taxonomy":"product_tag","embeddable":true,"href":"https:\/\/orthodoxblessings.com\/sr\/wp-json\/wp\/v2\/product_tag?post=6694"}],"curies":[{"name":"wp","href":"https:\/\/api.w.org\/{rel}","templated":true}]}}