{"id":6691,"date":"2025-12-05T16:46:41","date_gmt":"2025-12-05T16:46:41","guid":{"rendered":"https:\/\/orthodoxblessings.com\/?post_type=product&#038;p=6691"},"modified":"2025-12-06T10:12:28","modified_gmt":"2025-12-06T10:12:28","slug":"gospod-isus-hristos-presveta-bogorodica-komplet","status":"publish","type":"product","link":"https:\/\/orthodoxblessings.com\/sr\/shop\/gospod-isus-hristos-presveta-bogorodica-komplet\/","title":{"rendered":"Gospod Isus Hristos + Presveta Bogorodica komplet"},"content":{"rendered":"<p>Knjiga je posve\u0107ena <strong data-start=\"87\" data-end=\"111\">Gospodu Isusu Hristu<\/strong> i namenjena je obele\u017eavanju <em data-start=\"140\" data-end=\"153\">krsne slave<\/em>. Sadr\u017ei molitve, tekstove o zna\u010daju slave i hri\u0161\u0107anskih obi\u010daja, kao i ikonopisne prikaze. Predstavlja duhovni priru\u010dnik koji poma\u017ee porodici da o\u010duva tradiciju i duh pravoslavlja.<\/p>\n","protected":false},"excerpt":{"rendered":"<p>Knjiga je posve\u0107ena Gospodu Isusu Hristu i namenjena je obele\u017eavanju krsne slave. Sadr\u017ei molitve, tekstove o zna\u010daju slave i hri\u0161\u0107anskih obi\u010daja, kao i ikonopisne prikaze. Predstavlja duhovni priru\u010dnik koji poma\u017ee porodici da o\u010duva tradiciju i duh pravoslavlja.<\/p>\n","protected":false},"featured_media":6725,"template":"","meta":{"give_campaign_id":0},"product_brand":[],"product_cat":[307],"product_tag":[],"class_list":{"0":"post-6691","1":"product","2":"type-product","3":"status-publish","4":"has-post-thumbnail","6":"product_cat-duhovna-literatura","8":"first","9":"instock","10":"purchasable","11":"product-type-simple"},"_links":{"self":[{"href":"https:\/\/orthodoxblessings.com\/sr\/wp-json\/wp\/v2\/product\/6691","targetHints":{"allow":["GET"]}}],"collection":[{"href":"https:\/\/orthodoxblessings.com\/sr\/wp-json\/wp\/v2\/product"}],"about":[{"href":"https:\/\/orthodoxblessings.com\/sr\/wp-json\/wp\/v2\/types\/product"}],"wp:featuredmedia":[{"embeddable":true,"href":"https:\/\/orthodoxblessings.com\/sr\/wp-json\/wp\/v2\/media\/6725"}],"wp:attachment":[{"href":"https:\/\/orthodoxblessings.com\/sr\/wp-json\/wp\/v2\/media?parent=6691"}],"wp:term":[{"taxonomy":"product_brand","embeddable":true,"href":"https:\/\/orthodoxblessings.com\/sr\/wp-json\/wp\/v2\/product_brand?post=6691"},{"taxonomy":"product_cat","embeddable":true,"href":"https:\/\/orthodoxblessings.com\/sr\/wp-json\/wp\/v2\/product_cat?post=6691"},{"taxonomy":"product_tag","embeddable":true,"href":"https:\/\/orthodoxblessings.com\/sr\/wp-json\/wp\/v2\/product_tag?post=6691"}],"curies":[{"name":"wp","href":"https:\/\/api.w.org\/{rel}","templated":true}]}}