{"id":6611,"date":"2025-06-16T08:18:38","date_gmt":"2025-06-16T08:18:38","guid":{"rendered":"https:\/\/orthodoxblessings.com\/shop\/mala-keramicka-kadionica-sa-pozlatom\/"},"modified":"2025-06-16T08:18:38","modified_gmt":"2025-06-16T08:18:38","slug":"mala-keramicka-kadionica-sa-pozlatom","status":"publish","type":"product","link":"https:\/\/orthodoxblessings.com\/sr\/shop\/mala-keramicka-kadionica-sa-pozlatom\/","title":{"rendered":"Mala kerami\u010dka kadionica sa pozlatom"},"content":{"rendered":"<p>Kerami\u010dka kadionica, ru\u010dno izra\u0111ena i oslikana pravoslavnim verskim motivima, predstavlja prelep i duhovan predmet. Svaka kadionica je pa\u017eljivo oblikovana i oslikana od strane majstora zanatlije, koristec\u0301i tradicionalne tehnike i visokokvalitetne materijale. Ova kadionica je idealna za bogoslu\u017eenje i za ukra\u0161avanje svetog prostora, unosec\u0301i atmosferu mira i duhovnosti.  <\/p>\n","protected":false},"excerpt":{"rendered":"<p>Kerami\u010dka kadionica, ru\u010dno izra\u0111ena i oslikana pravoslavnim verskim motivima, predstavlja prelep i duhovan predmet. Svaka kadionica je pa\u017eljivo oblikovana i oslikana od strane majstora zanatlije, koristec\u0301i tradicionalne tehnike i visokokvalitetne materijale. Ova kadionica je idealna za bogoslu\u017eenje i za ukra\u0161avanje svetog prostora, unosec\u0301i atmosferu mira i duhovnosti.<\/p>\n","protected":false},"featured_media":3230,"template":"","meta":{"give_campaign_id":0},"product_brand":[],"product_cat":[352],"product_tag":[],"class_list":{"0":"post-6611","1":"product","2":"type-product","3":"status-publish","4":"has-post-thumbnail","6":"product_cat-rucno-radene-kadionice","8":"first","9":"instock","10":"shipping-taxable","11":"purchasable","12":"product-type-variable","13":"rtwpvg-product"},"_links":{"self":[{"href":"https:\/\/orthodoxblessings.com\/sr\/wp-json\/wp\/v2\/product\/6611","targetHints":{"allow":["GET"]}}],"collection":[{"href":"https:\/\/orthodoxblessings.com\/sr\/wp-json\/wp\/v2\/product"}],"about":[{"href":"https:\/\/orthodoxblessings.com\/sr\/wp-json\/wp\/v2\/types\/product"}],"wp:featuredmedia":[{"embeddable":true,"href":"https:\/\/orthodoxblessings.com\/sr\/wp-json\/wp\/v2\/media\/3230"}],"wp:attachment":[{"href":"https:\/\/orthodoxblessings.com\/sr\/wp-json\/wp\/v2\/media?parent=6611"}],"wp:term":[{"taxonomy":"product_brand","embeddable":true,"href":"https:\/\/orthodoxblessings.com\/sr\/wp-json\/wp\/v2\/product_brand?post=6611"},{"taxonomy":"product_cat","embeddable":true,"href":"https:\/\/orthodoxblessings.com\/sr\/wp-json\/wp\/v2\/product_cat?post=6611"},{"taxonomy":"product_tag","embeddable":true,"href":"https:\/\/orthodoxblessings.com\/sr\/wp-json\/wp\/v2\/product_tag?post=6611"}],"curies":[{"name":"wp","href":"https:\/\/api.w.org\/{rel}","templated":true}]}}