{"id":4961,"date":"2025-05-23T08:48:23","date_gmt":"2025-05-23T08:48:23","guid":{"rendered":"https:\/\/orthodoxblessings.com\/shop\/keramicka-kadionica-sa-krstom-braon-boje\/"},"modified":"2025-05-23T08:48:23","modified_gmt":"2025-05-23T08:48:23","slug":"keramicka-kadionica-sa-krstom-braon-boje","status":"publish","type":"product","link":"https:\/\/orthodoxblessings.com\/sr\/shop\/keramicka-kadionica-sa-krstom-braon-boje\/","title":{"rendered":"Kerami\u010dka kadionica sa krstom braon boje"},"content":{"rendered":"<p>Kerami\u010dka kadionica sa krstom u braon boji predstavlja elegantan i duhovni predmet, savr\u0161en za verske obrede. Napravljena je od kvalitetne keramike i glasirana, \u0161to joj pru\u017ea glatku i za\u0161ti\u0107enu povr\u0161inu. Simbol krsta dodaje duboko duhovno zna\u010denje, \u010dine\u0107i ovu kadionicu idealnom za stvaranje atmosfere molitve i mira. Njen jednostavan, ali zna\u010dajan dizajn, \u010dini je pogodnom za svaki verski prostor.   <\/p>\n","protected":false},"excerpt":{"rendered":"<p>Kerami\u010dka kadionica sa krstom u braon boji predstavlja elegantan i duhovni predmet, savr\u0161en za verske obrede. Napravljena je od kvalitetne keramike i glasirana, \u0161to joj pru\u017ea glatku i za\u0161ti\u0107enu povr\u0161inu. Simbol krsta dodaje duboko duhovno zna\u010denje, \u010dine\u0107i ovu kadionicu idealnom za stvaranje atmosfere molitve i mira. Njen jednostavan, ali zna\u010dajan dizajn, \u010dini je pogodnom za [&hellip;]<\/p>\n","protected":false},"featured_media":3246,"template":"","meta":{"give_campaign_id":0},"product_brand":[],"product_cat":[352],"product_tag":[],"class_list":{"0":"post-4961","1":"product","2":"type-product","3":"status-publish","4":"has-post-thumbnail","6":"product_cat-rucno-radene-kadionice","8":"first","9":"instock","10":"shipping-taxable","11":"purchasable","12":"product-type-variable","13":"rtwpvg-product"},"_links":{"self":[{"href":"https:\/\/orthodoxblessings.com\/sr\/wp-json\/wp\/v2\/product\/4961","targetHints":{"allow":["GET"]}}],"collection":[{"href":"https:\/\/orthodoxblessings.com\/sr\/wp-json\/wp\/v2\/product"}],"about":[{"href":"https:\/\/orthodoxblessings.com\/sr\/wp-json\/wp\/v2\/types\/product"}],"wp:featuredmedia":[{"embeddable":true,"href":"https:\/\/orthodoxblessings.com\/sr\/wp-json\/wp\/v2\/media\/3246"}],"wp:attachment":[{"href":"https:\/\/orthodoxblessings.com\/sr\/wp-json\/wp\/v2\/media?parent=4961"}],"wp:term":[{"taxonomy":"product_brand","embeddable":true,"href":"https:\/\/orthodoxblessings.com\/sr\/wp-json\/wp\/v2\/product_brand?post=4961"},{"taxonomy":"product_cat","embeddable":true,"href":"https:\/\/orthodoxblessings.com\/sr\/wp-json\/wp\/v2\/product_cat?post=4961"},{"taxonomy":"product_tag","embeddable":true,"href":"https:\/\/orthodoxblessings.com\/sr\/wp-json\/wp\/v2\/product_tag?post=4961"}],"curies":[{"name":"wp","href":"https:\/\/api.w.org\/{rel}","templated":true}]}}