{"id":4960,"date":"2025-05-23T06:53:41","date_gmt":"2025-05-23T06:53:41","guid":{"rendered":"https:\/\/orthodoxblessings.com\/shop\/bela-keramicka-kadionica-sa-pecatom-2\/"},"modified":"2025-05-23T06:53:41","modified_gmt":"2025-05-23T06:53:41","slug":"bela-keramicka-kadionica-sa-pecatom-2","status":"publish","type":"product","link":"https:\/\/orthodoxblessings.com\/sr\/shop\/bela-keramicka-kadionica-sa-pecatom-2\/","title":{"rendered":"Bela kerami\u010dka kadionica sa pe\u010datom"},"content":{"rendered":"<p>Ova kadionica napravljena je od najkvalitetnije keramike, oblikovane sa precizno\u0161\u0107u za savr\u0161en izgled. Povr\u0161ina je glazirana, \u0161to joj daje neodoljiv sjaj i estetsku privla\u010dnost. Unutra\u0161njost je oblo\u017eena termootpornom glazurom, \u0161to omogu\u0107ava dugotrajnu i bezbednu upotrebu.<\/p>\n","protected":false},"excerpt":{"rendered":"<p>Ova kadionica napravljena je od najkvalitetnije keramike, oblikovane sa precizno\u0161\u0107u za savr\u0161en izgled. Povr\u0161ina je glazirana, \u0161to joj daje neodoljiv sjaj i estetsku privla\u010dnost. Unutra\u0161njost je oblo\u017eena termootpornom glazurom, \u0161to omogu\u0107ava dugotrajnu i bezbednu upotrebu.<\/p>\n","protected":false},"featured_media":3222,"template":"","meta":{"give_campaign_id":0},"product_brand":[],"product_cat":[352],"product_tag":[],"class_list":{"0":"post-4960","1":"product","2":"type-product","3":"status-publish","4":"has-post-thumbnail","6":"product_cat-rucno-radene-kadionice","8":"first","9":"instock","10":"shipping-taxable","11":"purchasable","12":"product-type-simple"},"_links":{"self":[{"href":"https:\/\/orthodoxblessings.com\/sr\/wp-json\/wp\/v2\/product\/4960","targetHints":{"allow":["GET"]}}],"collection":[{"href":"https:\/\/orthodoxblessings.com\/sr\/wp-json\/wp\/v2\/product"}],"about":[{"href":"https:\/\/orthodoxblessings.com\/sr\/wp-json\/wp\/v2\/types\/product"}],"wp:featuredmedia":[{"embeddable":true,"href":"https:\/\/orthodoxblessings.com\/sr\/wp-json\/wp\/v2\/media\/3222"}],"wp:attachment":[{"href":"https:\/\/orthodoxblessings.com\/sr\/wp-json\/wp\/v2\/media?parent=4960"}],"wp:term":[{"taxonomy":"product_brand","embeddable":true,"href":"https:\/\/orthodoxblessings.com\/sr\/wp-json\/wp\/v2\/product_brand?post=4960"},{"taxonomy":"product_cat","embeddable":true,"href":"https:\/\/orthodoxblessings.com\/sr\/wp-json\/wp\/v2\/product_cat?post=4960"},{"taxonomy":"product_tag","embeddable":true,"href":"https:\/\/orthodoxblessings.com\/sr\/wp-json\/wp\/v2\/product_tag?post=4960"}],"curies":[{"name":"wp","href":"https:\/\/api.w.org\/{rel}","templated":true}]}}