{"id":4805,"date":"2025-05-25T08:28:14","date_gmt":"2025-05-25T08:28:14","guid":{"rendered":"https:\/\/orthodoxblessings.com\/shop\/srednja-keramicka-kadionica-sa-sarom-polomljenog-kamena\/"},"modified":"2025-05-25T08:28:14","modified_gmt":"2025-05-25T08:28:14","slug":"srednja-keramicka-kadionica-sa-sarom-polomljenog-kamena","status":"publish","type":"product","link":"https:\/\/orthodoxblessings.com\/sr\/shop\/srednja-keramicka-kadionica-sa-sarom-polomljenog-kamena\/","title":{"rendered":"Srednja kerami\u010dka kadionica sa \u0161arom polomljenog kamena"},"content":{"rendered":"<p>Srednja kerami\u010dka kadionica sa \u0161arom polomljenog kamena ima jedinstven i prirodan izgled koji dodaje eleganciju svakom prostoru. Izra\u0111ena je od kvalitetne keramike, a njena povr\u0161ina ukra\u0161ena \u0161arom koja podse\u0107a na polomljeni kamen, \u0161to joj daje unikatan i teksturirani izgled.<\/p>\n","protected":false},"excerpt":{"rendered":"<p>Srednja kerami\u010dka kadionica sa \u0161arom polomljenog kamena ima jedinstven i prirodan izgled koji dodaje eleganciju svakom prostoru. Izra\u0111ena je od kvalitetne keramike, a njena povr\u0161ina ukra\u0161ena \u0161arom koja podse\u0107a na polomljeni kamen, \u0161to joj daje unikatan i teksturirani izgled.<\/p>\n","protected":false},"featured_media":0,"template":"","meta":{"give_campaign_id":0},"product_brand":[],"product_cat":[352],"product_tag":[],"class_list":{"0":"post-4805","1":"product","2":"type-product","3":"status-publish","5":"product_cat-rucno-radene-kadionice","7":"first","8":"outofstock","9":"purchasable","10":"product-type-simple"},"_links":{"self":[{"href":"https:\/\/orthodoxblessings.com\/sr\/wp-json\/wp\/v2\/product\/4805","targetHints":{"allow":["GET"]}}],"collection":[{"href":"https:\/\/orthodoxblessings.com\/sr\/wp-json\/wp\/v2\/product"}],"about":[{"href":"https:\/\/orthodoxblessings.com\/sr\/wp-json\/wp\/v2\/types\/product"}],"wp:attachment":[{"href":"https:\/\/orthodoxblessings.com\/sr\/wp-json\/wp\/v2\/media?parent=4805"}],"wp:term":[{"taxonomy":"product_brand","embeddable":true,"href":"https:\/\/orthodoxblessings.com\/sr\/wp-json\/wp\/v2\/product_brand?post=4805"},{"taxonomy":"product_cat","embeddable":true,"href":"https:\/\/orthodoxblessings.com\/sr\/wp-json\/wp\/v2\/product_cat?post=4805"},{"taxonomy":"product_tag","embeddable":true,"href":"https:\/\/orthodoxblessings.com\/sr\/wp-json\/wp\/v2\/product_tag?post=4805"}],"curies":[{"name":"wp","href":"https:\/\/api.w.org\/{rel}","templated":true}]}}