{"id":4788,"date":"2025-05-24T14:51:31","date_gmt":"2025-05-24T14:51:31","guid":{"rendered":"https:\/\/orthodoxblessings.com\/shop\/pandora-narukvica\/"},"modified":"2025-05-24T14:51:31","modified_gmt":"2025-05-24T14:51:31","slug":"pandora-narukvica","status":"publish","type":"product","link":"https:\/\/orthodoxblessings.com\/sr\/shop\/pandora-narukvica\/","title":{"rendered":"Pandora narukvica"},"content":{"rendered":"<p>Moderna narukvica sa mogu\u0107no\u0161\u0107u dodavanja razli\u010ditih privezaka sa duhovnim simbolima.<\/p>\n","protected":false},"excerpt":{"rendered":"<p>Moderna narukvica sa mogu\u0107no\u0161\u0107u dodavanja razli\u010ditih privezaka sa duhovnim simbolima.<\/p>\n","protected":false},"featured_media":3497,"template":"","meta":{"give_campaign_id":0},"product_brand":[],"product_cat":[310],"product_tag":[],"class_list":{"0":"post-4788","1":"product","2":"type-product","3":"status-publish","4":"has-post-thumbnail","6":"product_cat-elegantne-brojanice","8":"first","9":"instock","10":"shipping-taxable","11":"purchasable","12":"product-type-variable","13":"rtwpvg-product"},"_links":{"self":[{"href":"https:\/\/orthodoxblessings.com\/sr\/wp-json\/wp\/v2\/product\/4788","targetHints":{"allow":["GET"]}}],"collection":[{"href":"https:\/\/orthodoxblessings.com\/sr\/wp-json\/wp\/v2\/product"}],"about":[{"href":"https:\/\/orthodoxblessings.com\/sr\/wp-json\/wp\/v2\/types\/product"}],"wp:featuredmedia":[{"embeddable":true,"href":"https:\/\/orthodoxblessings.com\/sr\/wp-json\/wp\/v2\/media\/3497"}],"wp:attachment":[{"href":"https:\/\/orthodoxblessings.com\/sr\/wp-json\/wp\/v2\/media?parent=4788"}],"wp:term":[{"taxonomy":"product_brand","embeddable":true,"href":"https:\/\/orthodoxblessings.com\/sr\/wp-json\/wp\/v2\/product_brand?post=4788"},{"taxonomy":"product_cat","embeddable":true,"href":"https:\/\/orthodoxblessings.com\/sr\/wp-json\/wp\/v2\/product_cat?post=4788"},{"taxonomy":"product_tag","embeddable":true,"href":"https:\/\/orthodoxblessings.com\/sr\/wp-json\/wp\/v2\/product_tag?post=4788"}],"curies":[{"name":"wp","href":"https:\/\/api.w.org\/{rel}","templated":true}]}}